{"id":2221,"date":"2024-04-12T17:11:02","date_gmt":"2024-04-12T20:11:02","guid":{"rendered":"https:\/\/electronicatotal.com.uy\/index.php\/producto\/flexcamcanonhv30-flex-lcd-camara-canon-hv30\/"},"modified":"2026-04-16T13:27:26","modified_gmt":"2026-04-16T16:27:26","slug":"flexcamcanonhv30-flex-lcd-camara-canon-hv30","status":"publish","type":"product","link":"https:\/\/electronicatotal.com.uy\/index.php\/producto\/flexcamcanonhv30-flex-lcd-camara-canon-hv30\/","title":{"rendered":"FlexCamCanonHV30, Flex LCD C\u00e1mara Canon HV30"},"content":{"rendered":"<p>FlexCamCanonHV30, Flex LCD C\u00e1mara Canon HV30<\/p>\n","protected":false},"excerpt":{"rendered":"<p>FlexCamCanonHV30, Flex LCD C\u00e1mara Canon HV30<\/p>\n","protected":false},"featured_media":3824,"template":"","meta":{"_et_pb_use_builder":"","_et_pb_old_content":"","_et_gb_content_width":""},"product_brand":[],"product_cat":[53,52],"product_tag":[],"class_list":{"0":"post-2221","1":"product","2":"type-product","3":"status-publish","4":"has-post-thumbnail","6":"product_cat-camaras","7":"product_cat-flexibles","9":"first","10":"instock","11":"taxable","12":"shipping-taxable","13":"purchasable","14":"product-type-simple"},"yoast_head":"<!-- This site is optimized with the Yoast SEO plugin v27.4 - https:\/\/yoast.com\/product\/yoast-seo-wordpress\/ -->\n<title>FlexCamCanonHV30, Flex LCD C\u00e1mara Canon HV30 - Electr\u00f3nica Total<\/title>\n<meta name=\"robots\" content=\"index, follow, max-snippet:-1, max-image-preview:large, max-video-preview:-1\" \/>\n<link rel=\"canonical\" href=\"https:\/\/electronicatotal.com.uy\/index.php\/producto\/flexcamcanonhv30-flex-lcd-camara-canon-hv30\/\" \/>\n<meta property=\"og:locale\" content=\"es_ES\" \/>\n<meta property=\"og:type\" content=\"article\" \/>\n<meta property=\"og:title\" content=\"FlexCamCanonHV30, Flex LCD C\u00e1mara Canon HV30 - Electr\u00f3nica Total\" \/>\n<meta property=\"og:description\" content=\"FlexCamCanonHV30, Flex LCD C\u00e1mara Canon HV30\" \/>\n<meta property=\"og:url\" content=\"https:\/\/electronicatotal.com.uy\/index.php\/producto\/flexcamcanonhv30-flex-lcd-camara-canon-hv30\/\" \/>\n<meta property=\"og:site_name\" content=\"Electr\u00f3nica Total\" \/>\n<meta property=\"article:publisher\" content=\"https:\/\/www.facebook.com\/electronicaTotal.com.uy\/\" \/>\n<meta property=\"article:modified_time\" content=\"2026-04-16T16:27:26+00:00\" \/>\n<meta property=\"og:image\" content=\"https:\/\/electronicatotal.com.uy\/wp-content\/uploads\/FlexCamCanonHV30.jpg\" \/>\n\t<meta property=\"og:image:width\" content=\"600\" \/>\n\t<meta property=\"og:image:height\" content=\"528\" \/>\n\t<meta property=\"og:image:type\" content=\"image\/jpeg\" \/>\n<meta name=\"twitter:card\" content=\"summary_large_image\" \/>\n<meta name=\"twitter:label1\" content=\"Tiempo de lectura\" \/>\n\t<meta name=\"twitter:data1\" content=\"1 minuto\" \/>\n<script type=\"application\/ld+json\" class=\"yoast-schema-graph\">{\"@context\":\"https:\\\/\\\/schema.org\",\"@graph\":[{\"@type\":\"WebPage\",\"@id\":\"https:\\\/\\\/electronicatotal.com.uy\\\/index.php\\\/producto\\\/flexcamcanonhv30-flex-lcd-camara-canon-hv30\\\/\",\"url\":\"https:\\\/\\\/electronicatotal.com.uy\\\/index.php\\\/producto\\\/flexcamcanonhv30-flex-lcd-camara-canon-hv30\\\/\",\"name\":\"FlexCamCanonHV30, Flex LCD C\u00e1mara Canon HV30 - Electr\u00f3nica Total\",\"isPartOf\":{\"@id\":\"https:\\\/\\\/electronicatotal.com.uy\\\/#website\"},\"primaryImageOfPage\":{\"@id\":\"https:\\\/\\\/electronicatotal.com.uy\\\/index.php\\\/producto\\\/flexcamcanonhv30-flex-lcd-camara-canon-hv30\\\/#primaryimage\"},\"image\":{\"@id\":\"https:\\\/\\\/electronicatotal.com.uy\\\/index.php\\\/producto\\\/flexcamcanonhv30-flex-lcd-camara-canon-hv30\\\/#primaryimage\"},\"thumbnailUrl\":\"https:\\\/\\\/electronicatotal.com.uy\\\/wp-content\\\/uploads\\\/FlexCamCanonHV30.jpg\",\"datePublished\":\"2024-04-12T20:11:02+00:00\",\"dateModified\":\"2026-04-16T16:27:26+00:00\",\"breadcrumb\":{\"@id\":\"https:\\\/\\\/electronicatotal.com.uy\\\/index.php\\\/producto\\\/flexcamcanonhv30-flex-lcd-camara-canon-hv30\\\/#breadcrumb\"},\"inLanguage\":\"es\",\"potentialAction\":[{\"@type\":\"ReadAction\",\"target\":[\"https:\\\/\\\/electronicatotal.com.uy\\\/index.php\\\/producto\\\/flexcamcanonhv30-flex-lcd-camara-canon-hv30\\\/\"]}]},{\"@type\":\"ImageObject\",\"inLanguage\":\"es\",\"@id\":\"https:\\\/\\\/electronicatotal.com.uy\\\/index.php\\\/producto\\\/flexcamcanonhv30-flex-lcd-camara-canon-hv30\\\/#primaryimage\",\"url\":\"https:\\\/\\\/electronicatotal.com.uy\\\/wp-content\\\/uploads\\\/FlexCamCanonHV30.jpg\",\"contentUrl\":\"https:\\\/\\\/electronicatotal.com.uy\\\/wp-content\\\/uploads\\\/FlexCamCanonHV30.jpg\",\"width\":600,\"height\":528,\"caption\":\"Flex C\u00e1mara Canon HV30\"},{\"@type\":\"BreadcrumbList\",\"@id\":\"https:\\\/\\\/electronicatotal.com.uy\\\/index.php\\\/producto\\\/flexcamcanonhv30-flex-lcd-camara-canon-hv30\\\/#breadcrumb\",\"itemListElement\":[{\"@type\":\"ListItem\",\"position\":1,\"name\":\"Portada\",\"item\":\"https:\\\/\\\/electronicatotal.com.uy\\\/\"},{\"@type\":\"ListItem\",\"position\":2,\"name\":\"Tienda\",\"item\":\"https:\\\/\\\/electronicatotal.com.uy\\\/\"},{\"@type\":\"ListItem\",\"position\":3,\"name\":\"FlexCamCanonHV30, Flex LCD C\u00e1mara Canon HV30\"}]},{\"@type\":\"WebSite\",\"@id\":\"https:\\\/\\\/electronicatotal.com.uy\\\/#website\",\"url\":\"https:\\\/\\\/electronicatotal.com.uy\\\/\",\"name\":\"Electr\u00f3nicaTotal\",\"description\":\"Venta de componentes electr\u00f3nicos en Montevideo Uruguay\",\"publisher\":{\"@id\":\"https:\\\/\\\/electronicatotal.com.uy\\\/#organization\"},\"potentialAction\":[{\"@type\":\"SearchAction\",\"target\":{\"@type\":\"EntryPoint\",\"urlTemplate\":\"https:\\\/\\\/electronicatotal.com.uy\\\/?s={search_term_string}\"},\"query-input\":{\"@type\":\"PropertyValueSpecification\",\"valueRequired\":true,\"valueName\":\"search_term_string\"}}],\"inLanguage\":\"es\"},{\"@type\":\"Organization\",\"@id\":\"https:\\\/\\\/electronicatotal.com.uy\\\/#organization\",\"name\":\"Electr\u00f3nica Total\",\"url\":\"https:\\\/\\\/electronicatotal.com.uy\\\/\",\"logo\":{\"@type\":\"ImageObject\",\"inLanguage\":\"es\",\"@id\":\"https:\\\/\\\/electronicatotal.com.uy\\\/#\\\/schema\\\/logo\\\/image\\\/\",\"url\":\"https:\\\/\\\/electronicatotal.com.uy\\\/wp-content\\\/uploads\\\/2024\\\/03\\\/ElectronicaTotal_Logo.jpg\",\"contentUrl\":\"https:\\\/\\\/electronicatotal.com.uy\\\/wp-content\\\/uploads\\\/2024\\\/03\\\/ElectronicaTotal_Logo.jpg\",\"width\":1280,\"height\":720,\"caption\":\"Electr\u00f3nica Total\"},\"image\":{\"@id\":\"https:\\\/\\\/electronicatotal.com.uy\\\/#\\\/schema\\\/logo\\\/image\\\/\"},\"sameAs\":[\"https:\\\/\\\/www.facebook.com\\\/electronicaTotal.com.uy\\\/\"]}]}<\/script>\n<!-- \/ Yoast SEO plugin. -->","yoast_head_json":{"title":"FlexCamCanonHV30, Flex LCD C\u00e1mara Canon HV30 - Electr\u00f3nica Total","robots":{"index":"index","follow":"follow","max-snippet":"max-snippet:-1","max-image-preview":"max-image-preview:large","max-video-preview":"max-video-preview:-1"},"canonical":"https:\/\/electronicatotal.com.uy\/index.php\/producto\/flexcamcanonhv30-flex-lcd-camara-canon-hv30\/","og_locale":"es_ES","og_type":"article","og_title":"FlexCamCanonHV30, Flex LCD C\u00e1mara Canon HV30 - Electr\u00f3nica Total","og_description":"FlexCamCanonHV30, Flex LCD C\u00e1mara Canon HV30","og_url":"https:\/\/electronicatotal.com.uy\/index.php\/producto\/flexcamcanonhv30-flex-lcd-camara-canon-hv30\/","og_site_name":"Electr\u00f3nica Total","article_publisher":"https:\/\/www.facebook.com\/electronicaTotal.com.uy\/","article_modified_time":"2026-04-16T16:27:26+00:00","og_image":[{"width":600,"height":528,"url":"https:\/\/electronicatotal.com.uy\/wp-content\/uploads\/FlexCamCanonHV30.jpg","type":"image\/jpeg"}],"twitter_card":"summary_large_image","twitter_misc":{"Tiempo de lectura":"1 minuto"},"schema":{"@context":"https:\/\/schema.org","@graph":[{"@type":"WebPage","@id":"https:\/\/electronicatotal.com.uy\/index.php\/producto\/flexcamcanonhv30-flex-lcd-camara-canon-hv30\/","url":"https:\/\/electronicatotal.com.uy\/index.php\/producto\/flexcamcanonhv30-flex-lcd-camara-canon-hv30\/","name":"FlexCamCanonHV30, Flex LCD C\u00e1mara Canon HV30 - Electr\u00f3nica Total","isPartOf":{"@id":"https:\/\/electronicatotal.com.uy\/#website"},"primaryImageOfPage":{"@id":"https:\/\/electronicatotal.com.uy\/index.php\/producto\/flexcamcanonhv30-flex-lcd-camara-canon-hv30\/#primaryimage"},"image":{"@id":"https:\/\/electronicatotal.com.uy\/index.php\/producto\/flexcamcanonhv30-flex-lcd-camara-canon-hv30\/#primaryimage"},"thumbnailUrl":"https:\/\/electronicatotal.com.uy\/wp-content\/uploads\/FlexCamCanonHV30.jpg","datePublished":"2024-04-12T20:11:02+00:00","dateModified":"2026-04-16T16:27:26+00:00","breadcrumb":{"@id":"https:\/\/electronicatotal.com.uy\/index.php\/producto\/flexcamcanonhv30-flex-lcd-camara-canon-hv30\/#breadcrumb"},"inLanguage":"es","potentialAction":[{"@type":"ReadAction","target":["https:\/\/electronicatotal.com.uy\/index.php\/producto\/flexcamcanonhv30-flex-lcd-camara-canon-hv30\/"]}]},{"@type":"ImageObject","inLanguage":"es","@id":"https:\/\/electronicatotal.com.uy\/index.php\/producto\/flexcamcanonhv30-flex-lcd-camara-canon-hv30\/#primaryimage","url":"https:\/\/electronicatotal.com.uy\/wp-content\/uploads\/FlexCamCanonHV30.jpg","contentUrl":"https:\/\/electronicatotal.com.uy\/wp-content\/uploads\/FlexCamCanonHV30.jpg","width":600,"height":528,"caption":"Flex C\u00e1mara Canon HV30"},{"@type":"BreadcrumbList","@id":"https:\/\/electronicatotal.com.uy\/index.php\/producto\/flexcamcanonhv30-flex-lcd-camara-canon-hv30\/#breadcrumb","itemListElement":[{"@type":"ListItem","position":1,"name":"Portada","item":"https:\/\/electronicatotal.com.uy\/"},{"@type":"ListItem","position":2,"name":"Tienda","item":"https:\/\/electronicatotal.com.uy\/"},{"@type":"ListItem","position":3,"name":"FlexCamCanonHV30, Flex LCD C\u00e1mara Canon HV30"}]},{"@type":"WebSite","@id":"https:\/\/electronicatotal.com.uy\/#website","url":"https:\/\/electronicatotal.com.uy\/","name":"Electr\u00f3nicaTotal","description":"Venta de componentes electr\u00f3nicos en Montevideo Uruguay","publisher":{"@id":"https:\/\/electronicatotal.com.uy\/#organization"},"potentialAction":[{"@type":"SearchAction","target":{"@type":"EntryPoint","urlTemplate":"https:\/\/electronicatotal.com.uy\/?s={search_term_string}"},"query-input":{"@type":"PropertyValueSpecification","valueRequired":true,"valueName":"search_term_string"}}],"inLanguage":"es"},{"@type":"Organization","@id":"https:\/\/electronicatotal.com.uy\/#organization","name":"Electr\u00f3nica Total","url":"https:\/\/electronicatotal.com.uy\/","logo":{"@type":"ImageObject","inLanguage":"es","@id":"https:\/\/electronicatotal.com.uy\/#\/schema\/logo\/image\/","url":"https:\/\/electronicatotal.com.uy\/wp-content\/uploads\/2024\/03\/ElectronicaTotal_Logo.jpg","contentUrl":"https:\/\/electronicatotal.com.uy\/wp-content\/uploads\/2024\/03\/ElectronicaTotal_Logo.jpg","width":1280,"height":720,"caption":"Electr\u00f3nica Total"},"image":{"@id":"https:\/\/electronicatotal.com.uy\/#\/schema\/logo\/image\/"},"sameAs":["https:\/\/www.facebook.com\/electronicaTotal.com.uy\/"]}]}},"_links":{"self":[{"href":"https:\/\/electronicatotal.com.uy\/index.php\/wp-json\/wp\/v2\/product\/2221","targetHints":{"allow":["GET"]}}],"collection":[{"href":"https:\/\/electronicatotal.com.uy\/index.php\/wp-json\/wp\/v2\/product"}],"about":[{"href":"https:\/\/electronicatotal.com.uy\/index.php\/wp-json\/wp\/v2\/types\/product"}],"wp:featuredmedia":[{"embeddable":true,"href":"https:\/\/electronicatotal.com.uy\/index.php\/wp-json\/wp\/v2\/media\/3824"}],"wp:attachment":[{"href":"https:\/\/electronicatotal.com.uy\/index.php\/wp-json\/wp\/v2\/media?parent=2221"}],"wp:term":[{"taxonomy":"product_brand","embeddable":true,"href":"https:\/\/electronicatotal.com.uy\/index.php\/wp-json\/wp\/v2\/product_brand?post=2221"},{"taxonomy":"product_cat","embeddable":true,"href":"https:\/\/electronicatotal.com.uy\/index.php\/wp-json\/wp\/v2\/product_cat?post=2221"},{"taxonomy":"product_tag","embeddable":true,"href":"https:\/\/electronicatotal.com.uy\/index.php\/wp-json\/wp\/v2\/product_tag?post=2221"}],"curies":[{"name":"wp","href":"https:\/\/api.w.org\/{rel}","templated":true}]}}