{"id":2798,"date":"2024-04-12T17:12:14","date_gmt":"2024-04-12T20:12:14","guid":{"rendered":"https:\/\/electronicatotal.com.uy\/index.php\/producto\/1-25v-30v-3a-dc-dc-coverter-step-down-ajustable-input-3-2v-40v-output-1-25v-30v-3a-dc-dc-converter-adjustable-buck-converter-step-down-modulo-fuente-alimentacion-reductor-lm2596-3a-converti\/"},"modified":"2026-04-16T13:28:02","modified_gmt":"2026-04-16T16:28:02","slug":"1-25v-30v-3a-dc-dc-coverter-step-down-ajustable-input-3-2v-40v-output-1-25v-30v-3a-dc-dc-converter-adjustable-buck-converter-step-down-modulo-fuente-alimentacion-reductor-lm2596-3a-converti","status":"publish","type":"product","link":"https:\/\/electronicatotal.com.uy\/index.php\/producto\/1-25v-30v-3a-dc-dc-coverter-step-down-ajustable-input-3-2v-40v-output-1-25v-30v-3a-dc-dc-converter-adjustable-buck-converter-step-down-modulo-fuente-alimentacion-reductor-lm2596-3a-converti\/","title":{"rendered":"LM2596_DC-DC1.25v-30v-3A, Dc-Dc Coverter, Step Down Ajustable Input: 3.2V-40V \/ Output: 1.25v-30v, 3A,"},"content":{"rendered":"<p>DC-DC converter, Adjustable Buck Converter Step Down, m\u00f3dulo fuente alimentaci\u00f3n reductor LM2596 3A, convertidor Buck ajustable , DC-DC step-down power module, Name \/ number LM2596S DC-DC step-down module, Input voltage 3.2V ~ 40V, Output voltage 1.25V ~ 30V, Output current 3A (max), Conversion efficiency of 92% (maximum),Output ripple <30mV, Switching frequency 65KHz\n<\/p>\n","protected":false},"excerpt":{"rendered":"<p>DC-DC converter, Adjustable Buck Converter Step Down, m\u00f3dulo fuente alimentaci\u00f3n reductor LM2596 3A, convertidor Buck ajustable , DC-DC step-down power module, Name \/ number LM2596S DC-DC step-down module, Input voltage 3.2V ~ 40V, Output voltage 1.25V ~ 30V, Output current 3A (max), Conversion efficiency of 92% (maximum),Output ripple<\/p>\n","protected":false},"featured_media":3214,"template":"","meta":{"_et_pb_use_builder":"","_et_pb_old_content":"","_et_gb_content_width":""},"product_brand":[],"product_cat":[120,265],"product_tag":[],"class_list":{"0":"post-2798","1":"product","2":"type-product","3":"status-publish","4":"has-post-thumbnail","6":"product_cat-fuentes","7":"product_cat-modulos-fuentes","9":"first","10":"instock","11":"taxable","12":"shipping-taxable","13":"purchasable","14":"product-type-simple"},"yoast_head":"<!-- This site is optimized with the Yoast SEO plugin v27.4 - https:\/\/yoast.com\/product\/yoast-seo-wordpress\/ -->\n<title>LM2596_DC-DC1.25v-30v-3A, Dc-Dc Coverter, Step Down Ajustable Input: 3.2V-40V \/ Output: 1.25v-30v, 3A, - Electr\u00f3nica Total<\/title>\n<meta name=\"robots\" content=\"index, follow, max-snippet:-1, max-image-preview:large, max-video-preview:-1\" \/>\n<link rel=\"canonical\" href=\"https:\/\/electronicatotal.com.uy\/index.php\/producto\/1-25v-30v-3a-dc-dc-coverter-step-down-ajustable-input-3-2v-40v-output-1-25v-30v-3a-dc-dc-converter-adjustable-buck-converter-step-down-modulo-fuente-alimentacion-reductor-lm2596-3a-converti\/\" \/>\n<meta property=\"og:locale\" content=\"es_ES\" \/>\n<meta property=\"og:type\" content=\"article\" \/>\n<meta property=\"og:title\" content=\"LM2596_DC-DC1.25v-30v-3A, Dc-Dc Coverter, Step Down Ajustable Input: 3.2V-40V \/ Output: 1.25v-30v, 3A, - Electr\u00f3nica Total\" \/>\n<meta property=\"og:description\" content=\"DC-DC converter, Adjustable Buck Converter Step Down, m\u00f3dulo fuente alimentaci\u00f3n reductor LM2596 3A, convertidor Buck ajustable , DC-DC step-down power module, Name \/ number LM2596S DC-DC step-down module, Input voltage 3.2V ~ 40V, Output voltage 1.25V ~ 30V, Output current 3A (max), Conversion efficiency of 92% (maximum),Output ripple\" \/>\n<meta property=\"og:url\" content=\"https:\/\/electronicatotal.com.uy\/index.php\/producto\/1-25v-30v-3a-dc-dc-coverter-step-down-ajustable-input-3-2v-40v-output-1-25v-30v-3a-dc-dc-converter-adjustable-buck-converter-step-down-modulo-fuente-alimentacion-reductor-lm2596-3a-converti\/\" \/>\n<meta property=\"og:site_name\" content=\"Electr\u00f3nica Total\" \/>\n<meta property=\"article:publisher\" content=\"https:\/\/www.facebook.com\/electronicaTotal.com.uy\/\" \/>\n<meta property=\"article:modified_time\" content=\"2026-04-16T16:28:02+00:00\" \/>\n<meta property=\"og:image\" content=\"https:\/\/electronicatotal.com.uy\/wp-content\/uploads\/LM2596_DC-DC1.25v-30v-3A.jpg\" \/>\n\t<meta property=\"og:image:width\" content=\"600\" \/>\n\t<meta property=\"og:image:height\" content=\"431\" \/>\n\t<meta property=\"og:image:type\" content=\"image\/jpeg\" \/>\n<meta name=\"twitter:card\" content=\"summary_large_image\" \/>\n<meta name=\"twitter:label1\" content=\"Tiempo de lectura\" \/>\n\t<meta name=\"twitter:data1\" content=\"1 minuto\" \/>\n<script type=\"application\/ld+json\" class=\"yoast-schema-graph\">{\"@context\":\"https:\\\/\\\/schema.org\",\"@graph\":[{\"@type\":\"WebPage\",\"@id\":\"https:\\\/\\\/electronicatotal.com.uy\\\/index.php\\\/producto\\\/1-25v-30v-3a-dc-dc-coverter-step-down-ajustable-input-3-2v-40v-output-1-25v-30v-3a-dc-dc-converter-adjustable-buck-converter-step-down-modulo-fuente-alimentacion-reductor-lm2596-3a-converti\\\/\",\"url\":\"https:\\\/\\\/electronicatotal.com.uy\\\/index.php\\\/producto\\\/1-25v-30v-3a-dc-dc-coverter-step-down-ajustable-input-3-2v-40v-output-1-25v-30v-3a-dc-dc-converter-adjustable-buck-converter-step-down-modulo-fuente-alimentacion-reductor-lm2596-3a-converti\\\/\",\"name\":\"LM2596_DC-DC1.25v-30v-3A, Dc-Dc Coverter, Step Down Ajustable Input: 3.2V-40V \\\/ Output: 1.25v-30v, 3A, - Electr\u00f3nica Total\",\"isPartOf\":{\"@id\":\"https:\\\/\\\/electronicatotal.com.uy\\\/#website\"},\"primaryImageOfPage\":{\"@id\":\"https:\\\/\\\/electronicatotal.com.uy\\\/index.php\\\/producto\\\/1-25v-30v-3a-dc-dc-coverter-step-down-ajustable-input-3-2v-40v-output-1-25v-30v-3a-dc-dc-converter-adjustable-buck-converter-step-down-modulo-fuente-alimentacion-reductor-lm2596-3a-converti\\\/#primaryimage\"},\"image\":{\"@id\":\"https:\\\/\\\/electronicatotal.com.uy\\\/index.php\\\/producto\\\/1-25v-30v-3a-dc-dc-coverter-step-down-ajustable-input-3-2v-40v-output-1-25v-30v-3a-dc-dc-converter-adjustable-buck-converter-step-down-modulo-fuente-alimentacion-reductor-lm2596-3a-converti\\\/#primaryimage\"},\"thumbnailUrl\":\"https:\\\/\\\/electronicatotal.com.uy\\\/wp-content\\\/uploads\\\/LM2596_DC-DC1.25v-30v-3A.jpg\",\"datePublished\":\"2024-04-12T20:12:14+00:00\",\"dateModified\":\"2026-04-16T16:28:02+00:00\",\"breadcrumb\":{\"@id\":\"https:\\\/\\\/electronicatotal.com.uy\\\/index.php\\\/producto\\\/1-25v-30v-3a-dc-dc-coverter-step-down-ajustable-input-3-2v-40v-output-1-25v-30v-3a-dc-dc-converter-adjustable-buck-converter-step-down-modulo-fuente-alimentacion-reductor-lm2596-3a-converti\\\/#breadcrumb\"},\"inLanguage\":\"es\",\"potentialAction\":[{\"@type\":\"ReadAction\",\"target\":[\"https:\\\/\\\/electronicatotal.com.uy\\\/index.php\\\/producto\\\/1-25v-30v-3a-dc-dc-coverter-step-down-ajustable-input-3-2v-40v-output-1-25v-30v-3a-dc-dc-converter-adjustable-buck-converter-step-down-modulo-fuente-alimentacion-reductor-lm2596-3a-converti\\\/\"]}]},{\"@type\":\"ImageObject\",\"inLanguage\":\"es\",\"@id\":\"https:\\\/\\\/electronicatotal.com.uy\\\/index.php\\\/producto\\\/1-25v-30v-3a-dc-dc-coverter-step-down-ajustable-input-3-2v-40v-output-1-25v-30v-3a-dc-dc-converter-adjustable-buck-converter-step-down-modulo-fuente-alimentacion-reductor-lm2596-3a-converti\\\/#primaryimage\",\"url\":\"https:\\\/\\\/electronicatotal.com.uy\\\/wp-content\\\/uploads\\\/LM2596_DC-DC1.25v-30v-3A.jpg\",\"contentUrl\":\"https:\\\/\\\/electronicatotal.com.uy\\\/wp-content\\\/uploads\\\/LM2596_DC-DC1.25v-30v-3A.jpg\",\"width\":600,\"height\":431},{\"@type\":\"BreadcrumbList\",\"@id\":\"https:\\\/\\\/electronicatotal.com.uy\\\/index.php\\\/producto\\\/1-25v-30v-3a-dc-dc-coverter-step-down-ajustable-input-3-2v-40v-output-1-25v-30v-3a-dc-dc-converter-adjustable-buck-converter-step-down-modulo-fuente-alimentacion-reductor-lm2596-3a-converti\\\/#breadcrumb\",\"itemListElement\":[{\"@type\":\"ListItem\",\"position\":1,\"name\":\"Portada\",\"item\":\"https:\\\/\\\/electronicatotal.com.uy\\\/\"},{\"@type\":\"ListItem\",\"position\":2,\"name\":\"Tienda\",\"item\":\"https:\\\/\\\/electronicatotal.com.uy\\\/\"},{\"@type\":\"ListItem\",\"position\":3,\"name\":\"LM2596_DC-DC1.25v-30v-3A, Dc-Dc Coverter, Step Down Ajustable Input: 3.2V-40V \\\/ Output: 1.25v-30v, 3A,\"}]},{\"@type\":\"WebSite\",\"@id\":\"https:\\\/\\\/electronicatotal.com.uy\\\/#website\",\"url\":\"https:\\\/\\\/electronicatotal.com.uy\\\/\",\"name\":\"Electr\u00f3nicaTotal\",\"description\":\"Venta de componentes electr\u00f3nicos en Montevideo Uruguay\",\"publisher\":{\"@id\":\"https:\\\/\\\/electronicatotal.com.uy\\\/#organization\"},\"potentialAction\":[{\"@type\":\"SearchAction\",\"target\":{\"@type\":\"EntryPoint\",\"urlTemplate\":\"https:\\\/\\\/electronicatotal.com.uy\\\/?s={search_term_string}\"},\"query-input\":{\"@type\":\"PropertyValueSpecification\",\"valueRequired\":true,\"valueName\":\"search_term_string\"}}],\"inLanguage\":\"es\"},{\"@type\":\"Organization\",\"@id\":\"https:\\\/\\\/electronicatotal.com.uy\\\/#organization\",\"name\":\"Electr\u00f3nica Total\",\"url\":\"https:\\\/\\\/electronicatotal.com.uy\\\/\",\"logo\":{\"@type\":\"ImageObject\",\"inLanguage\":\"es\",\"@id\":\"https:\\\/\\\/electronicatotal.com.uy\\\/#\\\/schema\\\/logo\\\/image\\\/\",\"url\":\"https:\\\/\\\/electronicatotal.com.uy\\\/wp-content\\\/uploads\\\/2024\\\/03\\\/ElectronicaTotal_Logo.jpg\",\"contentUrl\":\"https:\\\/\\\/electronicatotal.com.uy\\\/wp-content\\\/uploads\\\/2024\\\/03\\\/ElectronicaTotal_Logo.jpg\",\"width\":1280,\"height\":720,\"caption\":\"Electr\u00f3nica Total\"},\"image\":{\"@id\":\"https:\\\/\\\/electronicatotal.com.uy\\\/#\\\/schema\\\/logo\\\/image\\\/\"},\"sameAs\":[\"https:\\\/\\\/www.facebook.com\\\/electronicaTotal.com.uy\\\/\"]}]}<\/script>\n<!-- \/ Yoast SEO plugin. -->","yoast_head_json":{"title":"LM2596_DC-DC1.25v-30v-3A, Dc-Dc Coverter, Step Down Ajustable Input: 3.2V-40V \/ Output: 1.25v-30v, 3A, - Electr\u00f3nica Total","robots":{"index":"index","follow":"follow","max-snippet":"max-snippet:-1","max-image-preview":"max-image-preview:large","max-video-preview":"max-video-preview:-1"},"canonical":"https:\/\/electronicatotal.com.uy\/index.php\/producto\/1-25v-30v-3a-dc-dc-coverter-step-down-ajustable-input-3-2v-40v-output-1-25v-30v-3a-dc-dc-converter-adjustable-buck-converter-step-down-modulo-fuente-alimentacion-reductor-lm2596-3a-converti\/","og_locale":"es_ES","og_type":"article","og_title":"LM2596_DC-DC1.25v-30v-3A, Dc-Dc Coverter, Step Down Ajustable Input: 3.2V-40V \/ Output: 1.25v-30v, 3A, - Electr\u00f3nica Total","og_description":"DC-DC converter, Adjustable Buck Converter Step Down, m\u00f3dulo fuente alimentaci\u00f3n reductor LM2596 3A, convertidor Buck ajustable , DC-DC step-down power module, Name \/ number LM2596S DC-DC step-down module, Input voltage 3.2V ~ 40V, Output voltage 1.25V ~ 30V, Output current 3A (max), Conversion efficiency of 92% (maximum),Output ripple","og_url":"https:\/\/electronicatotal.com.uy\/index.php\/producto\/1-25v-30v-3a-dc-dc-coverter-step-down-ajustable-input-3-2v-40v-output-1-25v-30v-3a-dc-dc-converter-adjustable-buck-converter-step-down-modulo-fuente-alimentacion-reductor-lm2596-3a-converti\/","og_site_name":"Electr\u00f3nica Total","article_publisher":"https:\/\/www.facebook.com\/electronicaTotal.com.uy\/","article_modified_time":"2026-04-16T16:28:02+00:00","og_image":[{"width":600,"height":431,"url":"https:\/\/electronicatotal.com.uy\/wp-content\/uploads\/LM2596_DC-DC1.25v-30v-3A.jpg","type":"image\/jpeg"}],"twitter_card":"summary_large_image","twitter_misc":{"Tiempo de lectura":"1 minuto"},"schema":{"@context":"https:\/\/schema.org","@graph":[{"@type":"WebPage","@id":"https:\/\/electronicatotal.com.uy\/index.php\/producto\/1-25v-30v-3a-dc-dc-coverter-step-down-ajustable-input-3-2v-40v-output-1-25v-30v-3a-dc-dc-converter-adjustable-buck-converter-step-down-modulo-fuente-alimentacion-reductor-lm2596-3a-converti\/","url":"https:\/\/electronicatotal.com.uy\/index.php\/producto\/1-25v-30v-3a-dc-dc-coverter-step-down-ajustable-input-3-2v-40v-output-1-25v-30v-3a-dc-dc-converter-adjustable-buck-converter-step-down-modulo-fuente-alimentacion-reductor-lm2596-3a-converti\/","name":"LM2596_DC-DC1.25v-30v-3A, Dc-Dc Coverter, Step Down Ajustable Input: 3.2V-40V \/ Output: 1.25v-30v, 3A, - Electr\u00f3nica Total","isPartOf":{"@id":"https:\/\/electronicatotal.com.uy\/#website"},"primaryImageOfPage":{"@id":"https:\/\/electronicatotal.com.uy\/index.php\/producto\/1-25v-30v-3a-dc-dc-coverter-step-down-ajustable-input-3-2v-40v-output-1-25v-30v-3a-dc-dc-converter-adjustable-buck-converter-step-down-modulo-fuente-alimentacion-reductor-lm2596-3a-converti\/#primaryimage"},"image":{"@id":"https:\/\/electronicatotal.com.uy\/index.php\/producto\/1-25v-30v-3a-dc-dc-coverter-step-down-ajustable-input-3-2v-40v-output-1-25v-30v-3a-dc-dc-converter-adjustable-buck-converter-step-down-modulo-fuente-alimentacion-reductor-lm2596-3a-converti\/#primaryimage"},"thumbnailUrl":"https:\/\/electronicatotal.com.uy\/wp-content\/uploads\/LM2596_DC-DC1.25v-30v-3A.jpg","datePublished":"2024-04-12T20:12:14+00:00","dateModified":"2026-04-16T16:28:02+00:00","breadcrumb":{"@id":"https:\/\/electronicatotal.com.uy\/index.php\/producto\/1-25v-30v-3a-dc-dc-coverter-step-down-ajustable-input-3-2v-40v-output-1-25v-30v-3a-dc-dc-converter-adjustable-buck-converter-step-down-modulo-fuente-alimentacion-reductor-lm2596-3a-converti\/#breadcrumb"},"inLanguage":"es","potentialAction":[{"@type":"ReadAction","target":["https:\/\/electronicatotal.com.uy\/index.php\/producto\/1-25v-30v-3a-dc-dc-coverter-step-down-ajustable-input-3-2v-40v-output-1-25v-30v-3a-dc-dc-converter-adjustable-buck-converter-step-down-modulo-fuente-alimentacion-reductor-lm2596-3a-converti\/"]}]},{"@type":"ImageObject","inLanguage":"es","@id":"https:\/\/electronicatotal.com.uy\/index.php\/producto\/1-25v-30v-3a-dc-dc-coverter-step-down-ajustable-input-3-2v-40v-output-1-25v-30v-3a-dc-dc-converter-adjustable-buck-converter-step-down-modulo-fuente-alimentacion-reductor-lm2596-3a-converti\/#primaryimage","url":"https:\/\/electronicatotal.com.uy\/wp-content\/uploads\/LM2596_DC-DC1.25v-30v-3A.jpg","contentUrl":"https:\/\/electronicatotal.com.uy\/wp-content\/uploads\/LM2596_DC-DC1.25v-30v-3A.jpg","width":600,"height":431},{"@type":"BreadcrumbList","@id":"https:\/\/electronicatotal.com.uy\/index.php\/producto\/1-25v-30v-3a-dc-dc-coverter-step-down-ajustable-input-3-2v-40v-output-1-25v-30v-3a-dc-dc-converter-adjustable-buck-converter-step-down-modulo-fuente-alimentacion-reductor-lm2596-3a-converti\/#breadcrumb","itemListElement":[{"@type":"ListItem","position":1,"name":"Portada","item":"https:\/\/electronicatotal.com.uy\/"},{"@type":"ListItem","position":2,"name":"Tienda","item":"https:\/\/electronicatotal.com.uy\/"},{"@type":"ListItem","position":3,"name":"LM2596_DC-DC1.25v-30v-3A, Dc-Dc Coverter, Step Down Ajustable Input: 3.2V-40V \/ Output: 1.25v-30v, 3A,"}]},{"@type":"WebSite","@id":"https:\/\/electronicatotal.com.uy\/#website","url":"https:\/\/electronicatotal.com.uy\/","name":"Electr\u00f3nicaTotal","description":"Venta de componentes electr\u00f3nicos en Montevideo Uruguay","publisher":{"@id":"https:\/\/electronicatotal.com.uy\/#organization"},"potentialAction":[{"@type":"SearchAction","target":{"@type":"EntryPoint","urlTemplate":"https:\/\/electronicatotal.com.uy\/?s={search_term_string}"},"query-input":{"@type":"PropertyValueSpecification","valueRequired":true,"valueName":"search_term_string"}}],"inLanguage":"es"},{"@type":"Organization","@id":"https:\/\/electronicatotal.com.uy\/#organization","name":"Electr\u00f3nica Total","url":"https:\/\/electronicatotal.com.uy\/","logo":{"@type":"ImageObject","inLanguage":"es","@id":"https:\/\/electronicatotal.com.uy\/#\/schema\/logo\/image\/","url":"https:\/\/electronicatotal.com.uy\/wp-content\/uploads\/2024\/03\/ElectronicaTotal_Logo.jpg","contentUrl":"https:\/\/electronicatotal.com.uy\/wp-content\/uploads\/2024\/03\/ElectronicaTotal_Logo.jpg","width":1280,"height":720,"caption":"Electr\u00f3nica Total"},"image":{"@id":"https:\/\/electronicatotal.com.uy\/#\/schema\/logo\/image\/"},"sameAs":["https:\/\/www.facebook.com\/electronicaTotal.com.uy\/"]}]}},"_links":{"self":[{"href":"https:\/\/electronicatotal.com.uy\/index.php\/wp-json\/wp\/v2\/product\/2798","targetHints":{"allow":["GET"]}}],"collection":[{"href":"https:\/\/electronicatotal.com.uy\/index.php\/wp-json\/wp\/v2\/product"}],"about":[{"href":"https:\/\/electronicatotal.com.uy\/index.php\/wp-json\/wp\/v2\/types\/product"}],"wp:featuredmedia":[{"embeddable":true,"href":"https:\/\/electronicatotal.com.uy\/index.php\/wp-json\/wp\/v2\/media\/3214"}],"wp:attachment":[{"href":"https:\/\/electronicatotal.com.uy\/index.php\/wp-json\/wp\/v2\/media?parent=2798"}],"wp:term":[{"taxonomy":"product_brand","embeddable":true,"href":"https:\/\/electronicatotal.com.uy\/index.php\/wp-json\/wp\/v2\/product_brand?post=2798"},{"taxonomy":"product_cat","embeddable":true,"href":"https:\/\/electronicatotal.com.uy\/index.php\/wp-json\/wp\/v2\/product_cat?post=2798"},{"taxonomy":"product_tag","embeddable":true,"href":"https:\/\/electronicatotal.com.uy\/index.php\/wp-json\/wp\/v2\/product_tag?post=2798"}],"curies":[{"name":"wp","href":"https:\/\/api.w.org\/{rel}","templated":true}]}}