{"id":3532,"date":"2024-11-27T15:03:18","date_gmt":"2024-11-27T18:03:18","guid":{"rendered":"https:\/\/electronicatotal.com.uy\/index.php\/producto\/dj002-pintura-conductora-de-plata-mechanic-03ml\/"},"modified":"2026-03-26T17:18:06","modified_gmt":"2026-03-26T20:18:06","slug":"dj002-pintura-conductora-de-plata-mechanic-03ml","status":"publish","type":"product","link":"https:\/\/electronicatotal.com.uy\/index.php\/producto\/dj002-pintura-conductora-de-plata-mechanic-03ml\/","title":{"rendered":"DJ002, Pintura Conductora de Plata Mechanic 0,3ml"},"content":{"rendered":"<p>DJ002, Pintura conductora de plata Mechanic 0,3ml. Ideal para reparaci\u00f3n de membranas electr\u00f3nicas de pl\u00e1stico, botoneras, etc. Incluye 3 puntas y bolsa Ziploc para evitar que se seque luego de usarla.<\/p>\n","protected":false},"excerpt":{"rendered":"<p>DJ002, Pintura conductora de plata Mechanic 0,3ml. Ideal para reparaci\u00f3n de membranas electr\u00f3nicas de pl\u00e1stico, botoneras, etc. Incluye 3 puntas y bolsa Ziploc para evitar que se seque luego de usarla.<\/p>\n","protected":false},"featured_media":3533,"template":"","meta":{"_et_pb_use_builder":"","_et_pb_old_content":"","_et_gb_content_width":""},"product_brand":[],"product_cat":[299,300],"product_tag":[],"class_list":{"0":"post-3532","1":"product","2":"type-product","3":"status-publish","4":"has-post-thumbnail","6":"product_cat-insumos","7":"product_cat-soldadura","9":"first","10":"instock","11":"taxable","12":"shipping-taxable","13":"purchasable","14":"product-type-simple"},"yoast_head":"<!-- This site is optimized with the Yoast SEO plugin v27.2 - https:\/\/yoast.com\/product\/yoast-seo-wordpress\/ -->\n<title>DJ002, Pintura Conductora de Plata Mechanic 0,3ml - Electr\u00f3nica Total<\/title>\n<meta name=\"robots\" content=\"index, follow, max-snippet:-1, max-image-preview:large, max-video-preview:-1\" \/>\n<link rel=\"canonical\" href=\"https:\/\/electronicatotal.com.uy\/index.php\/producto\/dj002-pintura-conductora-de-plata-mechanic-03ml\/\" \/>\n<meta property=\"og:locale\" content=\"es_ES\" \/>\n<meta property=\"og:type\" content=\"article\" \/>\n<meta property=\"og:title\" content=\"DJ002, Pintura Conductora de Plata Mechanic 0,3ml - Electr\u00f3nica Total\" \/>\n<meta property=\"og:description\" content=\"DJ002, Pintura conductora de plata Mechanic 0,3ml. Ideal para reparaci\u00f3n de membranas electr\u00f3nicas de pl\u00e1stico, botoneras, etc. Incluye 3 puntas y bolsa Ziploc para evitar que se seque luego de usarla.\" \/>\n<meta property=\"og:url\" content=\"https:\/\/electronicatotal.com.uy\/index.php\/producto\/dj002-pintura-conductora-de-plata-mechanic-03ml\/\" \/>\n<meta property=\"og:site_name\" content=\"Electr\u00f3nica Total\" \/>\n<meta property=\"article:publisher\" content=\"https:\/\/www.facebook.com\/electronicaTotal.com.uy\/\" \/>\n<meta property=\"article:modified_time\" content=\"2026-03-26T20:18:06+00:00\" \/>\n<meta property=\"og:image\" content=\"https:\/\/electronicatotal.com.uy\/wp-content\/uploads\/dj002Mechanic.jpg\" \/>\n\t<meta property=\"og:image:width\" content=\"1000\" \/>\n\t<meta property=\"og:image:height\" content=\"1000\" \/>\n\t<meta property=\"og:image:type\" content=\"image\/jpeg\" \/>\n<meta name=\"twitter:card\" content=\"summary_large_image\" \/>\n<meta name=\"twitter:label1\" content=\"Tiempo de lectura\" \/>\n\t<meta name=\"twitter:data1\" content=\"1 minuto\" \/>\n<script type=\"application\/ld+json\" class=\"yoast-schema-graph\">{\"@context\":\"https:\/\/schema.org\",\"@graph\":[{\"@type\":\"WebPage\",\"@id\":\"https:\/\/electronicatotal.com.uy\/index.php\/producto\/dj002-pintura-conductora-de-plata-mechanic-03ml\/\",\"url\":\"https:\/\/electronicatotal.com.uy\/index.php\/producto\/dj002-pintura-conductora-de-plata-mechanic-03ml\/\",\"name\":\"DJ002, Pintura Conductora de Plata Mechanic 0,3ml - Electr\u00f3nica Total\",\"isPartOf\":{\"@id\":\"https:\/\/electronicatotal.com.uy\/#website\"},\"primaryImageOfPage\":{\"@id\":\"https:\/\/electronicatotal.com.uy\/index.php\/producto\/dj002-pintura-conductora-de-plata-mechanic-03ml\/#primaryimage\"},\"image\":{\"@id\":\"https:\/\/electronicatotal.com.uy\/index.php\/producto\/dj002-pintura-conductora-de-plata-mechanic-03ml\/#primaryimage\"},\"thumbnailUrl\":\"https:\/\/electronicatotal.com.uy\/wp-content\/uploads\/dj002Mechanic.jpg\",\"datePublished\":\"2024-11-27T18:03:18+00:00\",\"dateModified\":\"2026-03-26T20:18:06+00:00\",\"breadcrumb\":{\"@id\":\"https:\/\/electronicatotal.com.uy\/index.php\/producto\/dj002-pintura-conductora-de-plata-mechanic-03ml\/#breadcrumb\"},\"inLanguage\":\"es\",\"potentialAction\":[{\"@type\":\"ReadAction\",\"target\":[\"https:\/\/electronicatotal.com.uy\/index.php\/producto\/dj002-pintura-conductora-de-plata-mechanic-03ml\/\"]}]},{\"@type\":\"ImageObject\",\"inLanguage\":\"es\",\"@id\":\"https:\/\/electronicatotal.com.uy\/index.php\/producto\/dj002-pintura-conductora-de-plata-mechanic-03ml\/#primaryimage\",\"url\":\"https:\/\/electronicatotal.com.uy\/wp-content\/uploads\/dj002Mechanic.jpg\",\"contentUrl\":\"https:\/\/electronicatotal.com.uy\/wp-content\/uploads\/dj002Mechanic.jpg\",\"width\":1000,\"height\":1000,\"caption\":\"Pintura Conductora de plata\"},{\"@type\":\"BreadcrumbList\",\"@id\":\"https:\/\/electronicatotal.com.uy\/index.php\/producto\/dj002-pintura-conductora-de-plata-mechanic-03ml\/#breadcrumb\",\"itemListElement\":[{\"@type\":\"ListItem\",\"position\":1,\"name\":\"Portada\",\"item\":\"https:\/\/electronicatotal.com.uy\/\"},{\"@type\":\"ListItem\",\"position\":2,\"name\":\"Tienda\",\"item\":\"https:\/\/electronicatotal.com.uy\/\"},{\"@type\":\"ListItem\",\"position\":3,\"name\":\"DJ002, Pintura Conductora de Plata Mechanic 0,3ml\"}]},{\"@type\":\"WebSite\",\"@id\":\"https:\/\/electronicatotal.com.uy\/#website\",\"url\":\"https:\/\/electronicatotal.com.uy\/\",\"name\":\"Electr\u00f3nicaTotal\",\"description\":\"Venta de componentes electr\u00f3nicos en Montevideo Uruguay\",\"publisher\":{\"@id\":\"https:\/\/electronicatotal.com.uy\/#organization\"},\"potentialAction\":[{\"@type\":\"SearchAction\",\"target\":{\"@type\":\"EntryPoint\",\"urlTemplate\":\"https:\/\/electronicatotal.com.uy\/?s={search_term_string}\"},\"query-input\":{\"@type\":\"PropertyValueSpecification\",\"valueRequired\":true,\"valueName\":\"search_term_string\"}}],\"inLanguage\":\"es\"},{\"@type\":\"Organization\",\"@id\":\"https:\/\/electronicatotal.com.uy\/#organization\",\"name\":\"Electr\u00f3nica Total\",\"url\":\"https:\/\/electronicatotal.com.uy\/\",\"logo\":{\"@type\":\"ImageObject\",\"inLanguage\":\"es\",\"@id\":\"https:\/\/electronicatotal.com.uy\/#\/schema\/logo\/image\/\",\"url\":\"https:\/\/electronicatotal.com.uy\/wp-content\/uploads\/2024\/03\/ElectronicaTotal_Logo.jpg\",\"contentUrl\":\"https:\/\/electronicatotal.com.uy\/wp-content\/uploads\/2024\/03\/ElectronicaTotal_Logo.jpg\",\"width\":1280,\"height\":720,\"caption\":\"Electr\u00f3nica Total\"},\"image\":{\"@id\":\"https:\/\/electronicatotal.com.uy\/#\/schema\/logo\/image\/\"},\"sameAs\":[\"https:\/\/www.facebook.com\/electronicaTotal.com.uy\/\"]}]}<\/script>\n<!-- \/ Yoast SEO plugin. -->","yoast_head_json":{"title":"DJ002, Pintura Conductora de Plata Mechanic 0,3ml - Electr\u00f3nica Total","robots":{"index":"index","follow":"follow","max-snippet":"max-snippet:-1","max-image-preview":"max-image-preview:large","max-video-preview":"max-video-preview:-1"},"canonical":"https:\/\/electronicatotal.com.uy\/index.php\/producto\/dj002-pintura-conductora-de-plata-mechanic-03ml\/","og_locale":"es_ES","og_type":"article","og_title":"DJ002, Pintura Conductora de Plata Mechanic 0,3ml - Electr\u00f3nica Total","og_description":"DJ002, Pintura conductora de plata Mechanic 0,3ml. Ideal para reparaci\u00f3n de membranas electr\u00f3nicas de pl\u00e1stico, botoneras, etc. Incluye 3 puntas y bolsa Ziploc para evitar que se seque luego de usarla.","og_url":"https:\/\/electronicatotal.com.uy\/index.php\/producto\/dj002-pintura-conductora-de-plata-mechanic-03ml\/","og_site_name":"Electr\u00f3nica Total","article_publisher":"https:\/\/www.facebook.com\/electronicaTotal.com.uy\/","article_modified_time":"2026-03-26T20:18:06+00:00","og_image":[{"width":1000,"height":1000,"url":"https:\/\/electronicatotal.com.uy\/wp-content\/uploads\/dj002Mechanic.jpg","type":"image\/jpeg"}],"twitter_card":"summary_large_image","twitter_misc":{"Tiempo de lectura":"1 minuto"},"schema":{"@context":"https:\/\/schema.org","@graph":[{"@type":"WebPage","@id":"https:\/\/electronicatotal.com.uy\/index.php\/producto\/dj002-pintura-conductora-de-plata-mechanic-03ml\/","url":"https:\/\/electronicatotal.com.uy\/index.php\/producto\/dj002-pintura-conductora-de-plata-mechanic-03ml\/","name":"DJ002, Pintura Conductora de Plata Mechanic 0,3ml - Electr\u00f3nica Total","isPartOf":{"@id":"https:\/\/electronicatotal.com.uy\/#website"},"primaryImageOfPage":{"@id":"https:\/\/electronicatotal.com.uy\/index.php\/producto\/dj002-pintura-conductora-de-plata-mechanic-03ml\/#primaryimage"},"image":{"@id":"https:\/\/electronicatotal.com.uy\/index.php\/producto\/dj002-pintura-conductora-de-plata-mechanic-03ml\/#primaryimage"},"thumbnailUrl":"https:\/\/electronicatotal.com.uy\/wp-content\/uploads\/dj002Mechanic.jpg","datePublished":"2024-11-27T18:03:18+00:00","dateModified":"2026-03-26T20:18:06+00:00","breadcrumb":{"@id":"https:\/\/electronicatotal.com.uy\/index.php\/producto\/dj002-pintura-conductora-de-plata-mechanic-03ml\/#breadcrumb"},"inLanguage":"es","potentialAction":[{"@type":"ReadAction","target":["https:\/\/electronicatotal.com.uy\/index.php\/producto\/dj002-pintura-conductora-de-plata-mechanic-03ml\/"]}]},{"@type":"ImageObject","inLanguage":"es","@id":"https:\/\/electronicatotal.com.uy\/index.php\/producto\/dj002-pintura-conductora-de-plata-mechanic-03ml\/#primaryimage","url":"https:\/\/electronicatotal.com.uy\/wp-content\/uploads\/dj002Mechanic.jpg","contentUrl":"https:\/\/electronicatotal.com.uy\/wp-content\/uploads\/dj002Mechanic.jpg","width":1000,"height":1000,"caption":"Pintura Conductora de plata"},{"@type":"BreadcrumbList","@id":"https:\/\/electronicatotal.com.uy\/index.php\/producto\/dj002-pintura-conductora-de-plata-mechanic-03ml\/#breadcrumb","itemListElement":[{"@type":"ListItem","position":1,"name":"Portada","item":"https:\/\/electronicatotal.com.uy\/"},{"@type":"ListItem","position":2,"name":"Tienda","item":"https:\/\/electronicatotal.com.uy\/"},{"@type":"ListItem","position":3,"name":"DJ002, Pintura Conductora de Plata Mechanic 0,3ml"}]},{"@type":"WebSite","@id":"https:\/\/electronicatotal.com.uy\/#website","url":"https:\/\/electronicatotal.com.uy\/","name":"Electr\u00f3nicaTotal","description":"Venta de componentes electr\u00f3nicos en Montevideo Uruguay","publisher":{"@id":"https:\/\/electronicatotal.com.uy\/#organization"},"potentialAction":[{"@type":"SearchAction","target":{"@type":"EntryPoint","urlTemplate":"https:\/\/electronicatotal.com.uy\/?s={search_term_string}"},"query-input":{"@type":"PropertyValueSpecification","valueRequired":true,"valueName":"search_term_string"}}],"inLanguage":"es"},{"@type":"Organization","@id":"https:\/\/electronicatotal.com.uy\/#organization","name":"Electr\u00f3nica Total","url":"https:\/\/electronicatotal.com.uy\/","logo":{"@type":"ImageObject","inLanguage":"es","@id":"https:\/\/electronicatotal.com.uy\/#\/schema\/logo\/image\/","url":"https:\/\/electronicatotal.com.uy\/wp-content\/uploads\/2024\/03\/ElectronicaTotal_Logo.jpg","contentUrl":"https:\/\/electronicatotal.com.uy\/wp-content\/uploads\/2024\/03\/ElectronicaTotal_Logo.jpg","width":1280,"height":720,"caption":"Electr\u00f3nica Total"},"image":{"@id":"https:\/\/electronicatotal.com.uy\/#\/schema\/logo\/image\/"},"sameAs":["https:\/\/www.facebook.com\/electronicaTotal.com.uy\/"]}]}},"_links":{"self":[{"href":"https:\/\/electronicatotal.com.uy\/index.php\/wp-json\/wp\/v2\/product\/3532","targetHints":{"allow":["GET"]}}],"collection":[{"href":"https:\/\/electronicatotal.com.uy\/index.php\/wp-json\/wp\/v2\/product"}],"about":[{"href":"https:\/\/electronicatotal.com.uy\/index.php\/wp-json\/wp\/v2\/types\/product"}],"wp:featuredmedia":[{"embeddable":true,"href":"https:\/\/electronicatotal.com.uy\/index.php\/wp-json\/wp\/v2\/media\/3533"}],"wp:attachment":[{"href":"https:\/\/electronicatotal.com.uy\/index.php\/wp-json\/wp\/v2\/media?parent=3532"}],"wp:term":[{"taxonomy":"product_brand","embeddable":true,"href":"https:\/\/electronicatotal.com.uy\/index.php\/wp-json\/wp\/v2\/product_brand?post=3532"},{"taxonomy":"product_cat","embeddable":true,"href":"https:\/\/electronicatotal.com.uy\/index.php\/wp-json\/wp\/v2\/product_cat?post=3532"},{"taxonomy":"product_tag","embeddable":true,"href":"https:\/\/electronicatotal.com.uy\/index.php\/wp-json\/wp\/v2\/product_tag?post=3532"}],"curies":[{"name":"wp","href":"https:\/\/api.w.org\/{rel}","templated":true}]}}