{"id":3606,"date":"2025-02-10T15:42:27","date_gmt":"2025-02-10T18:42:27","guid":{"rendered":"https:\/\/electronicatotal.com.uy\/index.php\/producto\/botonna10mm-metalico-hbdgq10f-boton-pulsador-metalico-normal-abierto-12v-01a-pn-hbdgq10f\/"},"modified":"2026-03-26T17:18:07","modified_gmt":"2026-03-26T20:18:07","slug":"botonna10mm-metalico-hbdgq10f-boton-pulsador-metalico-normal-abierto-12v-01a-pn-hbdgq10f","status":"publish","type":"product","link":"https:\/\/electronicatotal.com.uy\/index.php\/producto\/botonna10mm-metalico-hbdgq10f-boton-pulsador-metalico-normal-abierto-12v-01a-pn-hbdgq10f\/","title":{"rendered":"BotonNA10mm-Metalico-HBDGQ10F, Bot\u00f3n Pulsador Met\u00e1lico Normal Abierto 12V 0,1A. PN: HBDGQ10F"},"content":{"rendered":"<p>BotonNA10mm-Metalico, Bot\u00f3n Pulsador Met\u00e1lico Normal Abierto 12V 0,1A. PN: HBDGQ10F. Montaje en chasis, 2 Pines<\/p>\n","protected":false},"excerpt":{"rendered":"<p>BotonNA10mm-Metalico, Bot\u00f3n Pulsador Met\u00e1lico Normal Abierto 12V 0,1A. PN: HBDGQ10F. Montaje en chasis, 2 Pines<\/p>\n","protected":false},"featured_media":3609,"template":"","meta":{"_et_pb_use_builder":"","_et_pb_old_content":"","_et_gb_content_width":""},"product_brand":[],"product_cat":[33,109],"product_tag":[],"class_list":{"0":"post-3606","1":"product","2":"type-product","3":"status-publish","4":"has-post-thumbnail","6":"product_cat-componentes","7":"product_cat-varios","9":"first","10":"instock","11":"taxable","12":"shipping-taxable","13":"purchasable","14":"product-type-simple"},"yoast_head":"<!-- This site is optimized with the Yoast SEO plugin v27.3 - https:\/\/yoast.com\/product\/yoast-seo-wordpress\/ -->\n<title>BotonNA10mm-Metalico-HBDGQ10F, Bot\u00f3n Pulsador Met\u00e1lico Normal Abierto 12V 0,1A. PN: HBDGQ10F - Electr\u00f3nica Total<\/title>\n<meta name=\"robots\" content=\"index, follow, max-snippet:-1, max-image-preview:large, max-video-preview:-1\" \/>\n<link rel=\"canonical\" href=\"https:\/\/electronicatotal.com.uy\/index.php\/producto\/botonna10mm-metalico-hbdgq10f-boton-pulsador-metalico-normal-abierto-12v-01a-pn-hbdgq10f\/\" \/>\n<meta property=\"og:locale\" content=\"es_ES\" \/>\n<meta property=\"og:type\" content=\"article\" \/>\n<meta property=\"og:title\" content=\"BotonNA10mm-Metalico-HBDGQ10F, Bot\u00f3n Pulsador Met\u00e1lico Normal Abierto 12V 0,1A. PN: HBDGQ10F - Electr\u00f3nica Total\" \/>\n<meta property=\"og:description\" content=\"BotonNA10mm-Metalico, Bot\u00f3n Pulsador Met\u00e1lico Normal Abierto 12V 0,1A. PN: HBDGQ10F. Montaje en chasis, 2 Pines\" \/>\n<meta property=\"og:url\" content=\"https:\/\/electronicatotal.com.uy\/index.php\/producto\/botonna10mm-metalico-hbdgq10f-boton-pulsador-metalico-normal-abierto-12v-01a-pn-hbdgq10f\/\" \/>\n<meta property=\"og:site_name\" content=\"Electr\u00f3nica Total\" \/>\n<meta property=\"article:publisher\" content=\"https:\/\/www.facebook.com\/electronicaTotal.com.uy\/\" \/>\n<meta property=\"article:modified_time\" content=\"2026-03-26T20:18:07+00:00\" \/>\n<meta property=\"og:image\" content=\"https:\/\/electronicatotal.com.uy\/wp-content\/uploads\/BotonNA10mm-Metalico-HBDGQ10F.jpg\" \/>\n\t<meta property=\"og:image:width\" content=\"429\" \/>\n\t<meta property=\"og:image:height\" content=\"275\" \/>\n\t<meta property=\"og:image:type\" content=\"image\/jpeg\" \/>\n<meta name=\"twitter:card\" content=\"summary_large_image\" \/>\n<meta name=\"twitter:label1\" content=\"Tiempo de lectura\" \/>\n\t<meta name=\"twitter:data1\" content=\"1 minuto\" \/>\n<script type=\"application\/ld+json\" class=\"yoast-schema-graph\">{\"@context\":\"https:\\\/\\\/schema.org\",\"@graph\":[{\"@type\":\"WebPage\",\"@id\":\"https:\\\/\\\/electronicatotal.com.uy\\\/index.php\\\/producto\\\/botonna10mm-metalico-hbdgq10f-boton-pulsador-metalico-normal-abierto-12v-01a-pn-hbdgq10f\\\/\",\"url\":\"https:\\\/\\\/electronicatotal.com.uy\\\/index.php\\\/producto\\\/botonna10mm-metalico-hbdgq10f-boton-pulsador-metalico-normal-abierto-12v-01a-pn-hbdgq10f\\\/\",\"name\":\"BotonNA10mm-Metalico-HBDGQ10F, Bot\u00f3n Pulsador Met\u00e1lico Normal Abierto 12V 0,1A. PN: HBDGQ10F - Electr\u00f3nica Total\",\"isPartOf\":{\"@id\":\"https:\\\/\\\/electronicatotal.com.uy\\\/#website\"},\"primaryImageOfPage\":{\"@id\":\"https:\\\/\\\/electronicatotal.com.uy\\\/index.php\\\/producto\\\/botonna10mm-metalico-hbdgq10f-boton-pulsador-metalico-normal-abierto-12v-01a-pn-hbdgq10f\\\/#primaryimage\"},\"image\":{\"@id\":\"https:\\\/\\\/electronicatotal.com.uy\\\/index.php\\\/producto\\\/botonna10mm-metalico-hbdgq10f-boton-pulsador-metalico-normal-abierto-12v-01a-pn-hbdgq10f\\\/#primaryimage\"},\"thumbnailUrl\":\"https:\\\/\\\/electronicatotal.com.uy\\\/wp-content\\\/uploads\\\/BotonNA10mm-Metalico-HBDGQ10F.jpg\",\"datePublished\":\"2025-02-10T18:42:27+00:00\",\"dateModified\":\"2026-03-26T20:18:07+00:00\",\"breadcrumb\":{\"@id\":\"https:\\\/\\\/electronicatotal.com.uy\\\/index.php\\\/producto\\\/botonna10mm-metalico-hbdgq10f-boton-pulsador-metalico-normal-abierto-12v-01a-pn-hbdgq10f\\\/#breadcrumb\"},\"inLanguage\":\"es\",\"potentialAction\":[{\"@type\":\"ReadAction\",\"target\":[\"https:\\\/\\\/electronicatotal.com.uy\\\/index.php\\\/producto\\\/botonna10mm-metalico-hbdgq10f-boton-pulsador-metalico-normal-abierto-12v-01a-pn-hbdgq10f\\\/\"]}]},{\"@type\":\"ImageObject\",\"inLanguage\":\"es\",\"@id\":\"https:\\\/\\\/electronicatotal.com.uy\\\/index.php\\\/producto\\\/botonna10mm-metalico-hbdgq10f-boton-pulsador-metalico-normal-abierto-12v-01a-pn-hbdgq10f\\\/#primaryimage\",\"url\":\"https:\\\/\\\/electronicatotal.com.uy\\\/wp-content\\\/uploads\\\/BotonNA10mm-Metalico-HBDGQ10F.jpg\",\"contentUrl\":\"https:\\\/\\\/electronicatotal.com.uy\\\/wp-content\\\/uploads\\\/BotonNA10mm-Metalico-HBDGQ10F.jpg\",\"width\":429,\"height\":275,\"caption\":\"BotonNA10mm Metalico HBDGQ10F\"},{\"@type\":\"BreadcrumbList\",\"@id\":\"https:\\\/\\\/electronicatotal.com.uy\\\/index.php\\\/producto\\\/botonna10mm-metalico-hbdgq10f-boton-pulsador-metalico-normal-abierto-12v-01a-pn-hbdgq10f\\\/#breadcrumb\",\"itemListElement\":[{\"@type\":\"ListItem\",\"position\":1,\"name\":\"Portada\",\"item\":\"https:\\\/\\\/electronicatotal.com.uy\\\/\"},{\"@type\":\"ListItem\",\"position\":2,\"name\":\"Tienda\",\"item\":\"https:\\\/\\\/electronicatotal.com.uy\\\/\"},{\"@type\":\"ListItem\",\"position\":3,\"name\":\"BotonNA10mm-Metalico-HBDGQ10F, Bot\u00f3n Pulsador Met\u00e1lico Normal Abierto 12V 0,1A. PN: HBDGQ10F\"}]},{\"@type\":\"WebSite\",\"@id\":\"https:\\\/\\\/electronicatotal.com.uy\\\/#website\",\"url\":\"https:\\\/\\\/electronicatotal.com.uy\\\/\",\"name\":\"Electr\u00f3nicaTotal\",\"description\":\"Venta de componentes electr\u00f3nicos en Montevideo Uruguay\",\"publisher\":{\"@id\":\"https:\\\/\\\/electronicatotal.com.uy\\\/#organization\"},\"potentialAction\":[{\"@type\":\"SearchAction\",\"target\":{\"@type\":\"EntryPoint\",\"urlTemplate\":\"https:\\\/\\\/electronicatotal.com.uy\\\/?s={search_term_string}\"},\"query-input\":{\"@type\":\"PropertyValueSpecification\",\"valueRequired\":true,\"valueName\":\"search_term_string\"}}],\"inLanguage\":\"es\"},{\"@type\":\"Organization\",\"@id\":\"https:\\\/\\\/electronicatotal.com.uy\\\/#organization\",\"name\":\"Electr\u00f3nica Total\",\"url\":\"https:\\\/\\\/electronicatotal.com.uy\\\/\",\"logo\":{\"@type\":\"ImageObject\",\"inLanguage\":\"es\",\"@id\":\"https:\\\/\\\/electronicatotal.com.uy\\\/#\\\/schema\\\/logo\\\/image\\\/\",\"url\":\"https:\\\/\\\/electronicatotal.com.uy\\\/wp-content\\\/uploads\\\/2024\\\/03\\\/ElectronicaTotal_Logo.jpg\",\"contentUrl\":\"https:\\\/\\\/electronicatotal.com.uy\\\/wp-content\\\/uploads\\\/2024\\\/03\\\/ElectronicaTotal_Logo.jpg\",\"width\":1280,\"height\":720,\"caption\":\"Electr\u00f3nica Total\"},\"image\":{\"@id\":\"https:\\\/\\\/electronicatotal.com.uy\\\/#\\\/schema\\\/logo\\\/image\\\/\"},\"sameAs\":[\"https:\\\/\\\/www.facebook.com\\\/electronicaTotal.com.uy\\\/\"]}]}<\/script>\n<!-- \/ Yoast SEO plugin. -->","yoast_head_json":{"title":"BotonNA10mm-Metalico-HBDGQ10F, Bot\u00f3n Pulsador Met\u00e1lico Normal Abierto 12V 0,1A. PN: HBDGQ10F - Electr\u00f3nica Total","robots":{"index":"index","follow":"follow","max-snippet":"max-snippet:-1","max-image-preview":"max-image-preview:large","max-video-preview":"max-video-preview:-1"},"canonical":"https:\/\/electronicatotal.com.uy\/index.php\/producto\/botonna10mm-metalico-hbdgq10f-boton-pulsador-metalico-normal-abierto-12v-01a-pn-hbdgq10f\/","og_locale":"es_ES","og_type":"article","og_title":"BotonNA10mm-Metalico-HBDGQ10F, Bot\u00f3n Pulsador Met\u00e1lico Normal Abierto 12V 0,1A. PN: HBDGQ10F - Electr\u00f3nica Total","og_description":"BotonNA10mm-Metalico, Bot\u00f3n Pulsador Met\u00e1lico Normal Abierto 12V 0,1A. PN: HBDGQ10F. Montaje en chasis, 2 Pines","og_url":"https:\/\/electronicatotal.com.uy\/index.php\/producto\/botonna10mm-metalico-hbdgq10f-boton-pulsador-metalico-normal-abierto-12v-01a-pn-hbdgq10f\/","og_site_name":"Electr\u00f3nica Total","article_publisher":"https:\/\/www.facebook.com\/electronicaTotal.com.uy\/","article_modified_time":"2026-03-26T20:18:07+00:00","og_image":[{"width":429,"height":275,"url":"https:\/\/electronicatotal.com.uy\/wp-content\/uploads\/BotonNA10mm-Metalico-HBDGQ10F.jpg","type":"image\/jpeg"}],"twitter_card":"summary_large_image","twitter_misc":{"Tiempo de lectura":"1 minuto"},"schema":{"@context":"https:\/\/schema.org","@graph":[{"@type":"WebPage","@id":"https:\/\/electronicatotal.com.uy\/index.php\/producto\/botonna10mm-metalico-hbdgq10f-boton-pulsador-metalico-normal-abierto-12v-01a-pn-hbdgq10f\/","url":"https:\/\/electronicatotal.com.uy\/index.php\/producto\/botonna10mm-metalico-hbdgq10f-boton-pulsador-metalico-normal-abierto-12v-01a-pn-hbdgq10f\/","name":"BotonNA10mm-Metalico-HBDGQ10F, Bot\u00f3n Pulsador Met\u00e1lico Normal Abierto 12V 0,1A. PN: HBDGQ10F - Electr\u00f3nica Total","isPartOf":{"@id":"https:\/\/electronicatotal.com.uy\/#website"},"primaryImageOfPage":{"@id":"https:\/\/electronicatotal.com.uy\/index.php\/producto\/botonna10mm-metalico-hbdgq10f-boton-pulsador-metalico-normal-abierto-12v-01a-pn-hbdgq10f\/#primaryimage"},"image":{"@id":"https:\/\/electronicatotal.com.uy\/index.php\/producto\/botonna10mm-metalico-hbdgq10f-boton-pulsador-metalico-normal-abierto-12v-01a-pn-hbdgq10f\/#primaryimage"},"thumbnailUrl":"https:\/\/electronicatotal.com.uy\/wp-content\/uploads\/BotonNA10mm-Metalico-HBDGQ10F.jpg","datePublished":"2025-02-10T18:42:27+00:00","dateModified":"2026-03-26T20:18:07+00:00","breadcrumb":{"@id":"https:\/\/electronicatotal.com.uy\/index.php\/producto\/botonna10mm-metalico-hbdgq10f-boton-pulsador-metalico-normal-abierto-12v-01a-pn-hbdgq10f\/#breadcrumb"},"inLanguage":"es","potentialAction":[{"@type":"ReadAction","target":["https:\/\/electronicatotal.com.uy\/index.php\/producto\/botonna10mm-metalico-hbdgq10f-boton-pulsador-metalico-normal-abierto-12v-01a-pn-hbdgq10f\/"]}]},{"@type":"ImageObject","inLanguage":"es","@id":"https:\/\/electronicatotal.com.uy\/index.php\/producto\/botonna10mm-metalico-hbdgq10f-boton-pulsador-metalico-normal-abierto-12v-01a-pn-hbdgq10f\/#primaryimage","url":"https:\/\/electronicatotal.com.uy\/wp-content\/uploads\/BotonNA10mm-Metalico-HBDGQ10F.jpg","contentUrl":"https:\/\/electronicatotal.com.uy\/wp-content\/uploads\/BotonNA10mm-Metalico-HBDGQ10F.jpg","width":429,"height":275,"caption":"BotonNA10mm Metalico HBDGQ10F"},{"@type":"BreadcrumbList","@id":"https:\/\/electronicatotal.com.uy\/index.php\/producto\/botonna10mm-metalico-hbdgq10f-boton-pulsador-metalico-normal-abierto-12v-01a-pn-hbdgq10f\/#breadcrumb","itemListElement":[{"@type":"ListItem","position":1,"name":"Portada","item":"https:\/\/electronicatotal.com.uy\/"},{"@type":"ListItem","position":2,"name":"Tienda","item":"https:\/\/electronicatotal.com.uy\/"},{"@type":"ListItem","position":3,"name":"BotonNA10mm-Metalico-HBDGQ10F, Bot\u00f3n Pulsador Met\u00e1lico Normal Abierto 12V 0,1A. PN: HBDGQ10F"}]},{"@type":"WebSite","@id":"https:\/\/electronicatotal.com.uy\/#website","url":"https:\/\/electronicatotal.com.uy\/","name":"Electr\u00f3nicaTotal","description":"Venta de componentes electr\u00f3nicos en Montevideo Uruguay","publisher":{"@id":"https:\/\/electronicatotal.com.uy\/#organization"},"potentialAction":[{"@type":"SearchAction","target":{"@type":"EntryPoint","urlTemplate":"https:\/\/electronicatotal.com.uy\/?s={search_term_string}"},"query-input":{"@type":"PropertyValueSpecification","valueRequired":true,"valueName":"search_term_string"}}],"inLanguage":"es"},{"@type":"Organization","@id":"https:\/\/electronicatotal.com.uy\/#organization","name":"Electr\u00f3nica Total","url":"https:\/\/electronicatotal.com.uy\/","logo":{"@type":"ImageObject","inLanguage":"es","@id":"https:\/\/electronicatotal.com.uy\/#\/schema\/logo\/image\/","url":"https:\/\/electronicatotal.com.uy\/wp-content\/uploads\/2024\/03\/ElectronicaTotal_Logo.jpg","contentUrl":"https:\/\/electronicatotal.com.uy\/wp-content\/uploads\/2024\/03\/ElectronicaTotal_Logo.jpg","width":1280,"height":720,"caption":"Electr\u00f3nica Total"},"image":{"@id":"https:\/\/electronicatotal.com.uy\/#\/schema\/logo\/image\/"},"sameAs":["https:\/\/www.facebook.com\/electronicaTotal.com.uy\/"]}]}},"_links":{"self":[{"href":"https:\/\/electronicatotal.com.uy\/index.php\/wp-json\/wp\/v2\/product\/3606","targetHints":{"allow":["GET"]}}],"collection":[{"href":"https:\/\/electronicatotal.com.uy\/index.php\/wp-json\/wp\/v2\/product"}],"about":[{"href":"https:\/\/electronicatotal.com.uy\/index.php\/wp-json\/wp\/v2\/types\/product"}],"wp:featuredmedia":[{"embeddable":true,"href":"https:\/\/electronicatotal.com.uy\/index.php\/wp-json\/wp\/v2\/media\/3609"}],"wp:attachment":[{"href":"https:\/\/electronicatotal.com.uy\/index.php\/wp-json\/wp\/v2\/media?parent=3606"}],"wp:term":[{"taxonomy":"product_brand","embeddable":true,"href":"https:\/\/electronicatotal.com.uy\/index.php\/wp-json\/wp\/v2\/product_brand?post=3606"},{"taxonomy":"product_cat","embeddable":true,"href":"https:\/\/electronicatotal.com.uy\/index.php\/wp-json\/wp\/v2\/product_cat?post=3606"},{"taxonomy":"product_tag","embeddable":true,"href":"https:\/\/electronicatotal.com.uy\/index.php\/wp-json\/wp\/v2\/product_tag?post=3606"}],"curies":[{"name":"wp","href":"https:\/\/api.w.org\/{rel}","templated":true}]}}