{"id":3960,"date":"2026-01-13T14:39:35","date_gmt":"2026-01-13T17:39:35","guid":{"rendered":"https:\/\/electronicatotal.com.uy\/index.php\/producto\/keylenyoga920-13ikb_sp-keyboard-lenovo-con-backlight-en-espanol\/"},"modified":"2026-04-16T13:28:13","modified_gmt":"2026-04-16T16:28:13","slug":"keylenyoga920-13ikb_sp-keyboard-lenovo-con-backlight-en-espanol","status":"publish","type":"product","link":"https:\/\/electronicatotal.com.uy\/index.php\/producto\/keylenyoga920-13ikb_sp-keyboard-lenovo-con-backlight-en-espanol\/","title":{"rendered":"KeyLenYoga920-13ikb_SP, Keyboard Lenovo con Backlight en Espa\u00f1ol"},"content":{"rendered":"<p>KeyLenYoga920-13ikb_SP, Teclado Lenovo con Backlight en Espa\u00f1ol . Utilizado en: Yoga 920-13IKB, Yoga 6 Pro-13IKB. Color:  Gray<\/p>\n","protected":false},"excerpt":{"rendered":"<p>KeyLenYoga920-13ikb_SP, Teclado Lenovo con Backlight en Espa\u00f1ol . Utilizado en: Yoga 920-13IKB, Yoga 6 Pro-13IKB. Color: Gray<\/p>\n","protected":false},"featured_media":3961,"template":"","meta":{"_et_pb_use_builder":"","_et_pb_old_content":"","_et_gb_content_width":""},"product_brand":[],"product_cat":[62,61],"product_tag":[],"class_list":{"0":"post-3960","1":"product","2":"type-product","3":"status-publish","4":"has-post-thumbnail","6":"product_cat-notebooks-teclados","7":"product_cat-teclados","9":"first","10":"instock","11":"taxable","12":"shipping-taxable","13":"purchasable","14":"product-type-simple"},"yoast_head":"<!-- This site is optimized with the Yoast SEO plugin v27.4 - https:\/\/yoast.com\/product\/yoast-seo-wordpress\/ -->\n<title>KeyLenYoga920-13ikb_SP, Keyboard Lenovo con Backlight en Espa\u00f1ol - Electr\u00f3nica Total<\/title>\n<meta name=\"robots\" content=\"index, follow, max-snippet:-1, max-image-preview:large, max-video-preview:-1\" \/>\n<link rel=\"canonical\" href=\"https:\/\/electronicatotal.com.uy\/index.php\/producto\/keylenyoga920-13ikb_sp-keyboard-lenovo-con-backlight-en-espanol\/\" \/>\n<meta property=\"og:locale\" content=\"es_ES\" \/>\n<meta property=\"og:type\" content=\"article\" \/>\n<meta property=\"og:title\" content=\"KeyLenYoga920-13ikb_SP, Keyboard Lenovo con Backlight en Espa\u00f1ol - Electr\u00f3nica Total\" \/>\n<meta property=\"og:description\" content=\"KeyLenYoga920-13ikb_SP, Teclado Lenovo con Backlight en Espa\u00f1ol . Utilizado en: Yoga 920-13IKB, Yoga 6 Pro-13IKB. Color: Gray\" \/>\n<meta property=\"og:url\" content=\"https:\/\/electronicatotal.com.uy\/index.php\/producto\/keylenyoga920-13ikb_sp-keyboard-lenovo-con-backlight-en-espanol\/\" \/>\n<meta property=\"og:site_name\" content=\"Electr\u00f3nica Total\" \/>\n<meta property=\"article:publisher\" content=\"https:\/\/www.facebook.com\/electronicaTotal.com.uy\/\" \/>\n<meta property=\"article:modified_time\" content=\"2026-04-16T16:28:13+00:00\" \/>\n<meta property=\"og:image\" content=\"https:\/\/electronicatotal.com.uy\/wp-content\/uploads\/KeyLenYoga920-13ikb_SP.jpg\" \/>\n\t<meta property=\"og:image:width\" content=\"973\" \/>\n\t<meta property=\"og:image:height\" content=\"789\" \/>\n\t<meta property=\"og:image:type\" content=\"image\/jpeg\" \/>\n<meta name=\"twitter:card\" content=\"summary_large_image\" \/>\n<meta name=\"twitter:label1\" content=\"Tiempo de lectura\" \/>\n\t<meta name=\"twitter:data1\" content=\"1 minuto\" \/>\n<script type=\"application\/ld+json\" class=\"yoast-schema-graph\">{\"@context\":\"https:\\\/\\\/schema.org\",\"@graph\":[{\"@type\":\"WebPage\",\"@id\":\"https:\\\/\\\/electronicatotal.com.uy\\\/index.php\\\/producto\\\/keylenyoga920-13ikb_sp-keyboard-lenovo-con-backlight-en-espanol\\\/\",\"url\":\"https:\\\/\\\/electronicatotal.com.uy\\\/index.php\\\/producto\\\/keylenyoga920-13ikb_sp-keyboard-lenovo-con-backlight-en-espanol\\\/\",\"name\":\"KeyLenYoga920-13ikb_SP, Keyboard Lenovo con Backlight en Espa\u00f1ol - Electr\u00f3nica Total\",\"isPartOf\":{\"@id\":\"https:\\\/\\\/electronicatotal.com.uy\\\/#website\"},\"primaryImageOfPage\":{\"@id\":\"https:\\\/\\\/electronicatotal.com.uy\\\/index.php\\\/producto\\\/keylenyoga920-13ikb_sp-keyboard-lenovo-con-backlight-en-espanol\\\/#primaryimage\"},\"image\":{\"@id\":\"https:\\\/\\\/electronicatotal.com.uy\\\/index.php\\\/producto\\\/keylenyoga920-13ikb_sp-keyboard-lenovo-con-backlight-en-espanol\\\/#primaryimage\"},\"thumbnailUrl\":\"https:\\\/\\\/electronicatotal.com.uy\\\/wp-content\\\/uploads\\\/KeyLenYoga920-13ikb_SP.jpg\",\"datePublished\":\"2026-01-13T17:39:35+00:00\",\"dateModified\":\"2026-04-16T16:28:13+00:00\",\"breadcrumb\":{\"@id\":\"https:\\\/\\\/electronicatotal.com.uy\\\/index.php\\\/producto\\\/keylenyoga920-13ikb_sp-keyboard-lenovo-con-backlight-en-espanol\\\/#breadcrumb\"},\"inLanguage\":\"es\",\"potentialAction\":[{\"@type\":\"ReadAction\",\"target\":[\"https:\\\/\\\/electronicatotal.com.uy\\\/index.php\\\/producto\\\/keylenyoga920-13ikb_sp-keyboard-lenovo-con-backlight-en-espanol\\\/\"]}]},{\"@type\":\"ImageObject\",\"inLanguage\":\"es\",\"@id\":\"https:\\\/\\\/electronicatotal.com.uy\\\/index.php\\\/producto\\\/keylenyoga920-13ikb_sp-keyboard-lenovo-con-backlight-en-espanol\\\/#primaryimage\",\"url\":\"https:\\\/\\\/electronicatotal.com.uy\\\/wp-content\\\/uploads\\\/KeyLenYoga920-13ikb_SP.jpg\",\"contentUrl\":\"https:\\\/\\\/electronicatotal.com.uy\\\/wp-content\\\/uploads\\\/KeyLenYoga920-13ikb_SP.jpg\",\"width\":973,\"height\":789,\"caption\":\"Teclado Lenovo Yoga 920-13IKB en Espa\u00f1ol\"},{\"@type\":\"BreadcrumbList\",\"@id\":\"https:\\\/\\\/electronicatotal.com.uy\\\/index.php\\\/producto\\\/keylenyoga920-13ikb_sp-keyboard-lenovo-con-backlight-en-espanol\\\/#breadcrumb\",\"itemListElement\":[{\"@type\":\"ListItem\",\"position\":1,\"name\":\"Portada\",\"item\":\"https:\\\/\\\/electronicatotal.com.uy\\\/\"},{\"@type\":\"ListItem\",\"position\":2,\"name\":\"Tienda\",\"item\":\"https:\\\/\\\/electronicatotal.com.uy\\\/\"},{\"@type\":\"ListItem\",\"position\":3,\"name\":\"KeyLenYoga920-13ikb_SP, Keyboard Lenovo con Backlight en Espa\u00f1ol\"}]},{\"@type\":\"WebSite\",\"@id\":\"https:\\\/\\\/electronicatotal.com.uy\\\/#website\",\"url\":\"https:\\\/\\\/electronicatotal.com.uy\\\/\",\"name\":\"Electr\u00f3nicaTotal\",\"description\":\"Venta de componentes electr\u00f3nicos en Montevideo Uruguay\",\"publisher\":{\"@id\":\"https:\\\/\\\/electronicatotal.com.uy\\\/#organization\"},\"potentialAction\":[{\"@type\":\"SearchAction\",\"target\":{\"@type\":\"EntryPoint\",\"urlTemplate\":\"https:\\\/\\\/electronicatotal.com.uy\\\/?s={search_term_string}\"},\"query-input\":{\"@type\":\"PropertyValueSpecification\",\"valueRequired\":true,\"valueName\":\"search_term_string\"}}],\"inLanguage\":\"es\"},{\"@type\":\"Organization\",\"@id\":\"https:\\\/\\\/electronicatotal.com.uy\\\/#organization\",\"name\":\"Electr\u00f3nica Total\",\"url\":\"https:\\\/\\\/electronicatotal.com.uy\\\/\",\"logo\":{\"@type\":\"ImageObject\",\"inLanguage\":\"es\",\"@id\":\"https:\\\/\\\/electronicatotal.com.uy\\\/#\\\/schema\\\/logo\\\/image\\\/\",\"url\":\"https:\\\/\\\/electronicatotal.com.uy\\\/wp-content\\\/uploads\\\/2024\\\/03\\\/ElectronicaTotal_Logo.jpg\",\"contentUrl\":\"https:\\\/\\\/electronicatotal.com.uy\\\/wp-content\\\/uploads\\\/2024\\\/03\\\/ElectronicaTotal_Logo.jpg\",\"width\":1280,\"height\":720,\"caption\":\"Electr\u00f3nica Total\"},\"image\":{\"@id\":\"https:\\\/\\\/electronicatotal.com.uy\\\/#\\\/schema\\\/logo\\\/image\\\/\"},\"sameAs\":[\"https:\\\/\\\/www.facebook.com\\\/electronicaTotal.com.uy\\\/\"]}]}<\/script>\n<!-- \/ Yoast SEO plugin. -->","yoast_head_json":{"title":"KeyLenYoga920-13ikb_SP, Keyboard Lenovo con Backlight en Espa\u00f1ol - Electr\u00f3nica Total","robots":{"index":"index","follow":"follow","max-snippet":"max-snippet:-1","max-image-preview":"max-image-preview:large","max-video-preview":"max-video-preview:-1"},"canonical":"https:\/\/electronicatotal.com.uy\/index.php\/producto\/keylenyoga920-13ikb_sp-keyboard-lenovo-con-backlight-en-espanol\/","og_locale":"es_ES","og_type":"article","og_title":"KeyLenYoga920-13ikb_SP, Keyboard Lenovo con Backlight en Espa\u00f1ol - Electr\u00f3nica Total","og_description":"KeyLenYoga920-13ikb_SP, Teclado Lenovo con Backlight en Espa\u00f1ol . Utilizado en: Yoga 920-13IKB, Yoga 6 Pro-13IKB. Color: Gray","og_url":"https:\/\/electronicatotal.com.uy\/index.php\/producto\/keylenyoga920-13ikb_sp-keyboard-lenovo-con-backlight-en-espanol\/","og_site_name":"Electr\u00f3nica Total","article_publisher":"https:\/\/www.facebook.com\/electronicaTotal.com.uy\/","article_modified_time":"2026-04-16T16:28:13+00:00","og_image":[{"width":973,"height":789,"url":"https:\/\/electronicatotal.com.uy\/wp-content\/uploads\/KeyLenYoga920-13ikb_SP.jpg","type":"image\/jpeg"}],"twitter_card":"summary_large_image","twitter_misc":{"Tiempo de lectura":"1 minuto"},"schema":{"@context":"https:\/\/schema.org","@graph":[{"@type":"WebPage","@id":"https:\/\/electronicatotal.com.uy\/index.php\/producto\/keylenyoga920-13ikb_sp-keyboard-lenovo-con-backlight-en-espanol\/","url":"https:\/\/electronicatotal.com.uy\/index.php\/producto\/keylenyoga920-13ikb_sp-keyboard-lenovo-con-backlight-en-espanol\/","name":"KeyLenYoga920-13ikb_SP, Keyboard Lenovo con Backlight en Espa\u00f1ol - Electr\u00f3nica Total","isPartOf":{"@id":"https:\/\/electronicatotal.com.uy\/#website"},"primaryImageOfPage":{"@id":"https:\/\/electronicatotal.com.uy\/index.php\/producto\/keylenyoga920-13ikb_sp-keyboard-lenovo-con-backlight-en-espanol\/#primaryimage"},"image":{"@id":"https:\/\/electronicatotal.com.uy\/index.php\/producto\/keylenyoga920-13ikb_sp-keyboard-lenovo-con-backlight-en-espanol\/#primaryimage"},"thumbnailUrl":"https:\/\/electronicatotal.com.uy\/wp-content\/uploads\/KeyLenYoga920-13ikb_SP.jpg","datePublished":"2026-01-13T17:39:35+00:00","dateModified":"2026-04-16T16:28:13+00:00","breadcrumb":{"@id":"https:\/\/electronicatotal.com.uy\/index.php\/producto\/keylenyoga920-13ikb_sp-keyboard-lenovo-con-backlight-en-espanol\/#breadcrumb"},"inLanguage":"es","potentialAction":[{"@type":"ReadAction","target":["https:\/\/electronicatotal.com.uy\/index.php\/producto\/keylenyoga920-13ikb_sp-keyboard-lenovo-con-backlight-en-espanol\/"]}]},{"@type":"ImageObject","inLanguage":"es","@id":"https:\/\/electronicatotal.com.uy\/index.php\/producto\/keylenyoga920-13ikb_sp-keyboard-lenovo-con-backlight-en-espanol\/#primaryimage","url":"https:\/\/electronicatotal.com.uy\/wp-content\/uploads\/KeyLenYoga920-13ikb_SP.jpg","contentUrl":"https:\/\/electronicatotal.com.uy\/wp-content\/uploads\/KeyLenYoga920-13ikb_SP.jpg","width":973,"height":789,"caption":"Teclado Lenovo Yoga 920-13IKB en Espa\u00f1ol"},{"@type":"BreadcrumbList","@id":"https:\/\/electronicatotal.com.uy\/index.php\/producto\/keylenyoga920-13ikb_sp-keyboard-lenovo-con-backlight-en-espanol\/#breadcrumb","itemListElement":[{"@type":"ListItem","position":1,"name":"Portada","item":"https:\/\/electronicatotal.com.uy\/"},{"@type":"ListItem","position":2,"name":"Tienda","item":"https:\/\/electronicatotal.com.uy\/"},{"@type":"ListItem","position":3,"name":"KeyLenYoga920-13ikb_SP, Keyboard Lenovo con Backlight en Espa\u00f1ol"}]},{"@type":"WebSite","@id":"https:\/\/electronicatotal.com.uy\/#website","url":"https:\/\/electronicatotal.com.uy\/","name":"Electr\u00f3nicaTotal","description":"Venta de componentes electr\u00f3nicos en Montevideo Uruguay","publisher":{"@id":"https:\/\/electronicatotal.com.uy\/#organization"},"potentialAction":[{"@type":"SearchAction","target":{"@type":"EntryPoint","urlTemplate":"https:\/\/electronicatotal.com.uy\/?s={search_term_string}"},"query-input":{"@type":"PropertyValueSpecification","valueRequired":true,"valueName":"search_term_string"}}],"inLanguage":"es"},{"@type":"Organization","@id":"https:\/\/electronicatotal.com.uy\/#organization","name":"Electr\u00f3nica Total","url":"https:\/\/electronicatotal.com.uy\/","logo":{"@type":"ImageObject","inLanguage":"es","@id":"https:\/\/electronicatotal.com.uy\/#\/schema\/logo\/image\/","url":"https:\/\/electronicatotal.com.uy\/wp-content\/uploads\/2024\/03\/ElectronicaTotal_Logo.jpg","contentUrl":"https:\/\/electronicatotal.com.uy\/wp-content\/uploads\/2024\/03\/ElectronicaTotal_Logo.jpg","width":1280,"height":720,"caption":"Electr\u00f3nica Total"},"image":{"@id":"https:\/\/electronicatotal.com.uy\/#\/schema\/logo\/image\/"},"sameAs":["https:\/\/www.facebook.com\/electronicaTotal.com.uy\/"]}]}},"_links":{"self":[{"href":"https:\/\/electronicatotal.com.uy\/index.php\/wp-json\/wp\/v2\/product\/3960","targetHints":{"allow":["GET"]}}],"collection":[{"href":"https:\/\/electronicatotal.com.uy\/index.php\/wp-json\/wp\/v2\/product"}],"about":[{"href":"https:\/\/electronicatotal.com.uy\/index.php\/wp-json\/wp\/v2\/types\/product"}],"wp:featuredmedia":[{"embeddable":true,"href":"https:\/\/electronicatotal.com.uy\/index.php\/wp-json\/wp\/v2\/media\/3961"}],"wp:attachment":[{"href":"https:\/\/electronicatotal.com.uy\/index.php\/wp-json\/wp\/v2\/media?parent=3960"}],"wp:term":[{"taxonomy":"product_brand","embeddable":true,"href":"https:\/\/electronicatotal.com.uy\/index.php\/wp-json\/wp\/v2\/product_brand?post=3960"},{"taxonomy":"product_cat","embeddable":true,"href":"https:\/\/electronicatotal.com.uy\/index.php\/wp-json\/wp\/v2\/product_cat?post=3960"},{"taxonomy":"product_tag","embeddable":true,"href":"https:\/\/electronicatotal.com.uy\/index.php\/wp-json\/wp\/v2\/product_tag?post=3960"}],"curies":[{"name":"wp","href":"https:\/\/api.w.org\/{rel}","templated":true}]}}