{"id":3977,"date":"2026-02-03T10:20:32","date_gmt":"2026-02-03T13:20:32","guid":{"rendered":"https:\/\/electronicatotal.com.uy\/index.php\/producto\/keyasusum425uaz_sp-keyasusum425uaz_sp-keyboard-asus-con-backlight-en-espanol\/"},"modified":"2026-03-26T17:18:09","modified_gmt":"2026-03-26T20:18:09","slug":"keyasusum425uaz_sp-keyasusum425uaz_sp-keyboard-asus-con-backlight-en-espanol","status":"publish","type":"product","link":"https:\/\/electronicatotal.com.uy\/index.php\/producto\/keyasusum425uaz_sp-keyasusum425uaz_sp-keyboard-asus-con-backlight-en-espanol\/","title":{"rendered":"KeyAsusUM425UAZ_SP, KeyAsusUM425UAZ_SP Keyboard Asus con Backlight en Espa\u00f1ol"},"content":{"rendered":"<p>Teclado Asus en espa\u00f1ol Latinoam\u00e9rica con backlight. Utilizado en: ZenBook UM425UAZ , UM425Q, UM425QA, UM425QA-XH99, UX425Q, UX425QA, UX425 series<\/p>\n","protected":false},"excerpt":{"rendered":"<p>Teclado Asus en espa\u00f1ol Latinoam\u00e9rica con backlight. Utilizado en: ZenBook UM425UAZ , UM425Q, UM425QA, UM425QA-XH99, UX425Q, UX425QA, UX425 series<\/p>\n","protected":false},"featured_media":3978,"template":"","meta":{"_et_pb_use_builder":"","_et_pb_old_content":"","_et_gb_content_width":""},"product_brand":[],"product_cat":[62,61],"product_tag":[],"class_list":{"0":"post-3977","1":"product","2":"type-product","3":"status-publish","4":"has-post-thumbnail","6":"product_cat-notebooks-teclados","7":"product_cat-teclados","9":"first","10":"outofstock","11":"taxable","12":"shipping-taxable","13":"purchasable","14":"product-type-simple"},"yoast_head":"<!-- This site is optimized with the Yoast SEO plugin v27.2 - https:\/\/yoast.com\/product\/yoast-seo-wordpress\/ -->\n<title>KeyAsusUM425UAZ_SP, KeyAsusUM425UAZ_SP Keyboard Asus con Backlight en Espa\u00f1ol - Electr\u00f3nica Total<\/title>\n<meta name=\"robots\" content=\"index, follow, max-snippet:-1, max-image-preview:large, max-video-preview:-1\" \/>\n<link rel=\"canonical\" href=\"https:\/\/electronicatotal.com.uy\/index.php\/producto\/keyasusum425uaz_sp-keyasusum425uaz_sp-keyboard-asus-con-backlight-en-espanol\/\" \/>\n<meta property=\"og:locale\" content=\"es_ES\" \/>\n<meta property=\"og:type\" content=\"article\" \/>\n<meta property=\"og:title\" content=\"KeyAsusUM425UAZ_SP, KeyAsusUM425UAZ_SP Keyboard Asus con Backlight en Espa\u00f1ol - Electr\u00f3nica Total\" \/>\n<meta property=\"og:description\" content=\"Teclado Asus en espa\u00f1ol Latinoam\u00e9rica con backlight. Utilizado en: ZenBook UM425UAZ , UM425Q, UM425QA, UM425QA-XH99, UX425Q, UX425QA, UX425 series\" \/>\n<meta property=\"og:url\" content=\"https:\/\/electronicatotal.com.uy\/index.php\/producto\/keyasusum425uaz_sp-keyasusum425uaz_sp-keyboard-asus-con-backlight-en-espanol\/\" \/>\n<meta property=\"og:site_name\" content=\"Electr\u00f3nica Total\" \/>\n<meta property=\"article:publisher\" content=\"https:\/\/www.facebook.com\/electronicaTotal.com.uy\/\" \/>\n<meta property=\"article:modified_time\" content=\"2026-03-26T20:18:09+00:00\" \/>\n<meta property=\"og:image\" content=\"https:\/\/electronicatotal.com.uy\/wp-content\/uploads\/KeyAsusUM425UAZ_SP.jpg\" \/>\n\t<meta property=\"og:image:width\" content=\"753\" \/>\n\t<meta property=\"og:image:height\" content=\"797\" \/>\n\t<meta property=\"og:image:type\" content=\"image\/jpeg\" \/>\n<meta name=\"twitter:card\" content=\"summary_large_image\" \/>\n<meta name=\"twitter:label1\" content=\"Tiempo de lectura\" \/>\n\t<meta name=\"twitter:data1\" content=\"1 minuto\" \/>\n<script type=\"application\/ld+json\" class=\"yoast-schema-graph\">{\"@context\":\"https:\/\/schema.org\",\"@graph\":[{\"@type\":\"WebPage\",\"@id\":\"https:\/\/electronicatotal.com.uy\/index.php\/producto\/keyasusum425uaz_sp-keyasusum425uaz_sp-keyboard-asus-con-backlight-en-espanol\/\",\"url\":\"https:\/\/electronicatotal.com.uy\/index.php\/producto\/keyasusum425uaz_sp-keyasusum425uaz_sp-keyboard-asus-con-backlight-en-espanol\/\",\"name\":\"KeyAsusUM425UAZ_SP, KeyAsusUM425UAZ_SP Keyboard Asus con Backlight en Espa\u00f1ol - Electr\u00f3nica Total\",\"isPartOf\":{\"@id\":\"https:\/\/electronicatotal.com.uy\/#website\"},\"primaryImageOfPage\":{\"@id\":\"https:\/\/electronicatotal.com.uy\/index.php\/producto\/keyasusum425uaz_sp-keyasusum425uaz_sp-keyboard-asus-con-backlight-en-espanol\/#primaryimage\"},\"image\":{\"@id\":\"https:\/\/electronicatotal.com.uy\/index.php\/producto\/keyasusum425uaz_sp-keyasusum425uaz_sp-keyboard-asus-con-backlight-en-espanol\/#primaryimage\"},\"thumbnailUrl\":\"https:\/\/electronicatotal.com.uy\/wp-content\/uploads\/KeyAsusUM425UAZ_SP.jpg\",\"datePublished\":\"2026-02-03T13:20:32+00:00\",\"dateModified\":\"2026-03-26T20:18:09+00:00\",\"breadcrumb\":{\"@id\":\"https:\/\/electronicatotal.com.uy\/index.php\/producto\/keyasusum425uaz_sp-keyasusum425uaz_sp-keyboard-asus-con-backlight-en-espanol\/#breadcrumb\"},\"inLanguage\":\"es\",\"potentialAction\":[{\"@type\":\"ReadAction\",\"target\":[\"https:\/\/electronicatotal.com.uy\/index.php\/producto\/keyasusum425uaz_sp-keyasusum425uaz_sp-keyboard-asus-con-backlight-en-espanol\/\"]}]},{\"@type\":\"ImageObject\",\"inLanguage\":\"es\",\"@id\":\"https:\/\/electronicatotal.com.uy\/index.php\/producto\/keyasusum425uaz_sp-keyasusum425uaz_sp-keyboard-asus-con-backlight-en-espanol\/#primaryimage\",\"url\":\"https:\/\/electronicatotal.com.uy\/wp-content\/uploads\/KeyAsusUM425UAZ_SP.jpg\",\"contentUrl\":\"https:\/\/electronicatotal.com.uy\/wp-content\/uploads\/KeyAsusUM425UAZ_SP.jpg\",\"width\":753,\"height\":797,\"caption\":\"Teclado Asus UM425UAZ en espa\u00f1ol y backlight\"},{\"@type\":\"BreadcrumbList\",\"@id\":\"https:\/\/electronicatotal.com.uy\/index.php\/producto\/keyasusum425uaz_sp-keyasusum425uaz_sp-keyboard-asus-con-backlight-en-espanol\/#breadcrumb\",\"itemListElement\":[{\"@type\":\"ListItem\",\"position\":1,\"name\":\"Portada\",\"item\":\"https:\/\/electronicatotal.com.uy\/\"},{\"@type\":\"ListItem\",\"position\":2,\"name\":\"Tienda\",\"item\":\"https:\/\/electronicatotal.com.uy\/\"},{\"@type\":\"ListItem\",\"position\":3,\"name\":\"KeyAsusUM425UAZ_SP, KeyAsusUM425UAZ_SP Keyboard Asus con Backlight en Espa\u00f1ol\"}]},{\"@type\":\"WebSite\",\"@id\":\"https:\/\/electronicatotal.com.uy\/#website\",\"url\":\"https:\/\/electronicatotal.com.uy\/\",\"name\":\"Electr\u00f3nicaTotal\",\"description\":\"Venta de componentes electr\u00f3nicos en Montevideo Uruguay\",\"publisher\":{\"@id\":\"https:\/\/electronicatotal.com.uy\/#organization\"},\"potentialAction\":[{\"@type\":\"SearchAction\",\"target\":{\"@type\":\"EntryPoint\",\"urlTemplate\":\"https:\/\/electronicatotal.com.uy\/?s={search_term_string}\"},\"query-input\":{\"@type\":\"PropertyValueSpecification\",\"valueRequired\":true,\"valueName\":\"search_term_string\"}}],\"inLanguage\":\"es\"},{\"@type\":\"Organization\",\"@id\":\"https:\/\/electronicatotal.com.uy\/#organization\",\"name\":\"Electr\u00f3nica Total\",\"url\":\"https:\/\/electronicatotal.com.uy\/\",\"logo\":{\"@type\":\"ImageObject\",\"inLanguage\":\"es\",\"@id\":\"https:\/\/electronicatotal.com.uy\/#\/schema\/logo\/image\/\",\"url\":\"https:\/\/electronicatotal.com.uy\/wp-content\/uploads\/2024\/03\/ElectronicaTotal_Logo.jpg\",\"contentUrl\":\"https:\/\/electronicatotal.com.uy\/wp-content\/uploads\/2024\/03\/ElectronicaTotal_Logo.jpg\",\"width\":1280,\"height\":720,\"caption\":\"Electr\u00f3nica Total\"},\"image\":{\"@id\":\"https:\/\/electronicatotal.com.uy\/#\/schema\/logo\/image\/\"},\"sameAs\":[\"https:\/\/www.facebook.com\/electronicaTotal.com.uy\/\"]}]}<\/script>\n<!-- \/ Yoast SEO plugin. -->","yoast_head_json":{"title":"KeyAsusUM425UAZ_SP, KeyAsusUM425UAZ_SP Keyboard Asus con Backlight en Espa\u00f1ol - Electr\u00f3nica Total","robots":{"index":"index","follow":"follow","max-snippet":"max-snippet:-1","max-image-preview":"max-image-preview:large","max-video-preview":"max-video-preview:-1"},"canonical":"https:\/\/electronicatotal.com.uy\/index.php\/producto\/keyasusum425uaz_sp-keyasusum425uaz_sp-keyboard-asus-con-backlight-en-espanol\/","og_locale":"es_ES","og_type":"article","og_title":"KeyAsusUM425UAZ_SP, KeyAsusUM425UAZ_SP Keyboard Asus con Backlight en Espa\u00f1ol - Electr\u00f3nica Total","og_description":"Teclado Asus en espa\u00f1ol Latinoam\u00e9rica con backlight. Utilizado en: ZenBook UM425UAZ , UM425Q, UM425QA, UM425QA-XH99, UX425Q, UX425QA, UX425 series","og_url":"https:\/\/electronicatotal.com.uy\/index.php\/producto\/keyasusum425uaz_sp-keyasusum425uaz_sp-keyboard-asus-con-backlight-en-espanol\/","og_site_name":"Electr\u00f3nica Total","article_publisher":"https:\/\/www.facebook.com\/electronicaTotal.com.uy\/","article_modified_time":"2026-03-26T20:18:09+00:00","og_image":[{"width":753,"height":797,"url":"https:\/\/electronicatotal.com.uy\/wp-content\/uploads\/KeyAsusUM425UAZ_SP.jpg","type":"image\/jpeg"}],"twitter_card":"summary_large_image","twitter_misc":{"Tiempo de lectura":"1 minuto"},"schema":{"@context":"https:\/\/schema.org","@graph":[{"@type":"WebPage","@id":"https:\/\/electronicatotal.com.uy\/index.php\/producto\/keyasusum425uaz_sp-keyasusum425uaz_sp-keyboard-asus-con-backlight-en-espanol\/","url":"https:\/\/electronicatotal.com.uy\/index.php\/producto\/keyasusum425uaz_sp-keyasusum425uaz_sp-keyboard-asus-con-backlight-en-espanol\/","name":"KeyAsusUM425UAZ_SP, KeyAsusUM425UAZ_SP Keyboard Asus con Backlight en Espa\u00f1ol - Electr\u00f3nica Total","isPartOf":{"@id":"https:\/\/electronicatotal.com.uy\/#website"},"primaryImageOfPage":{"@id":"https:\/\/electronicatotal.com.uy\/index.php\/producto\/keyasusum425uaz_sp-keyasusum425uaz_sp-keyboard-asus-con-backlight-en-espanol\/#primaryimage"},"image":{"@id":"https:\/\/electronicatotal.com.uy\/index.php\/producto\/keyasusum425uaz_sp-keyasusum425uaz_sp-keyboard-asus-con-backlight-en-espanol\/#primaryimage"},"thumbnailUrl":"https:\/\/electronicatotal.com.uy\/wp-content\/uploads\/KeyAsusUM425UAZ_SP.jpg","datePublished":"2026-02-03T13:20:32+00:00","dateModified":"2026-03-26T20:18:09+00:00","breadcrumb":{"@id":"https:\/\/electronicatotal.com.uy\/index.php\/producto\/keyasusum425uaz_sp-keyasusum425uaz_sp-keyboard-asus-con-backlight-en-espanol\/#breadcrumb"},"inLanguage":"es","potentialAction":[{"@type":"ReadAction","target":["https:\/\/electronicatotal.com.uy\/index.php\/producto\/keyasusum425uaz_sp-keyasusum425uaz_sp-keyboard-asus-con-backlight-en-espanol\/"]}]},{"@type":"ImageObject","inLanguage":"es","@id":"https:\/\/electronicatotal.com.uy\/index.php\/producto\/keyasusum425uaz_sp-keyasusum425uaz_sp-keyboard-asus-con-backlight-en-espanol\/#primaryimage","url":"https:\/\/electronicatotal.com.uy\/wp-content\/uploads\/KeyAsusUM425UAZ_SP.jpg","contentUrl":"https:\/\/electronicatotal.com.uy\/wp-content\/uploads\/KeyAsusUM425UAZ_SP.jpg","width":753,"height":797,"caption":"Teclado Asus UM425UAZ en espa\u00f1ol y backlight"},{"@type":"BreadcrumbList","@id":"https:\/\/electronicatotal.com.uy\/index.php\/producto\/keyasusum425uaz_sp-keyasusum425uaz_sp-keyboard-asus-con-backlight-en-espanol\/#breadcrumb","itemListElement":[{"@type":"ListItem","position":1,"name":"Portada","item":"https:\/\/electronicatotal.com.uy\/"},{"@type":"ListItem","position":2,"name":"Tienda","item":"https:\/\/electronicatotal.com.uy\/"},{"@type":"ListItem","position":3,"name":"KeyAsusUM425UAZ_SP, KeyAsusUM425UAZ_SP Keyboard Asus con Backlight en Espa\u00f1ol"}]},{"@type":"WebSite","@id":"https:\/\/electronicatotal.com.uy\/#website","url":"https:\/\/electronicatotal.com.uy\/","name":"Electr\u00f3nicaTotal","description":"Venta de componentes electr\u00f3nicos en Montevideo Uruguay","publisher":{"@id":"https:\/\/electronicatotal.com.uy\/#organization"},"potentialAction":[{"@type":"SearchAction","target":{"@type":"EntryPoint","urlTemplate":"https:\/\/electronicatotal.com.uy\/?s={search_term_string}"},"query-input":{"@type":"PropertyValueSpecification","valueRequired":true,"valueName":"search_term_string"}}],"inLanguage":"es"},{"@type":"Organization","@id":"https:\/\/electronicatotal.com.uy\/#organization","name":"Electr\u00f3nica Total","url":"https:\/\/electronicatotal.com.uy\/","logo":{"@type":"ImageObject","inLanguage":"es","@id":"https:\/\/electronicatotal.com.uy\/#\/schema\/logo\/image\/","url":"https:\/\/electronicatotal.com.uy\/wp-content\/uploads\/2024\/03\/ElectronicaTotal_Logo.jpg","contentUrl":"https:\/\/electronicatotal.com.uy\/wp-content\/uploads\/2024\/03\/ElectronicaTotal_Logo.jpg","width":1280,"height":720,"caption":"Electr\u00f3nica Total"},"image":{"@id":"https:\/\/electronicatotal.com.uy\/#\/schema\/logo\/image\/"},"sameAs":["https:\/\/www.facebook.com\/electronicaTotal.com.uy\/"]}]}},"_links":{"self":[{"href":"https:\/\/electronicatotal.com.uy\/index.php\/wp-json\/wp\/v2\/product\/3977","targetHints":{"allow":["GET"]}}],"collection":[{"href":"https:\/\/electronicatotal.com.uy\/index.php\/wp-json\/wp\/v2\/product"}],"about":[{"href":"https:\/\/electronicatotal.com.uy\/index.php\/wp-json\/wp\/v2\/types\/product"}],"wp:featuredmedia":[{"embeddable":true,"href":"https:\/\/electronicatotal.com.uy\/index.php\/wp-json\/wp\/v2\/media\/3978"}],"wp:attachment":[{"href":"https:\/\/electronicatotal.com.uy\/index.php\/wp-json\/wp\/v2\/media?parent=3977"}],"wp:term":[{"taxonomy":"product_brand","embeddable":true,"href":"https:\/\/electronicatotal.com.uy\/index.php\/wp-json\/wp\/v2\/product_brand?post=3977"},{"taxonomy":"product_cat","embeddable":true,"href":"https:\/\/electronicatotal.com.uy\/index.php\/wp-json\/wp\/v2\/product_cat?post=3977"},{"taxonomy":"product_tag","embeddable":true,"href":"https:\/\/electronicatotal.com.uy\/index.php\/wp-json\/wp\/v2\/product_tag?post=3977"}],"curies":[{"name":"wp","href":"https:\/\/api.w.org\/{rel}","templated":true}]}}